{"id":1553,"date":"2019-05-07T13:18:16","date_gmt":"2019-05-07T13:18:16","guid":{"rendered":"https:\/\/www.empack-schweiz.ch\/?page_id=1553"},"modified":"2024-02-16T08:26:41","modified_gmt":"2024-02-16T07:26:41","slug":"touch-collect","status":"publish","type":"page","link":"https:\/\/www.empack-schweiz.ch\/de\/touch-collect\/","title":{"rendered":"Touch &amp; Collect"},"content":{"rendered":"\t\t<div data-elementor-type=\"wp-post\" data-elementor-id=\"1553\" class=\"elementor elementor-1553\" data-elementor-post-type=\"page\">\n\t\t\t\t\t\t<section class=\"elementor-section elementor-top-section elementor-element elementor-element-72bcdcb0 elementor-section-content-middle elementor-section-full_width elementor-section-height-default elementor-section-height-default\" data-id=\"72bcdcb0\" data-element_type=\"section\">\n\t\t\t\t\t\t<div class=\"elementor-container elementor-column-gap-no\">\n\t\t\t\t\t<div class=\"elementor-column elementor-col-50 elementor-top-column elementor-element elementor-element-1d3d050d\" data-id=\"1d3d050d\" data-element_type=\"column\" data-settings=\"{&quot;background_background&quot;:&quot;classic&quot;}\">\n\t\t\t<div class=\"elementor-widget-wrap elementor-element-populated\">\n\t\t\t\t\t\t<div class=\"elementor-element elementor-element-761c94f0 elementor-widget elementor-widget-spacer\" data-id=\"761c94f0\" data-element_type=\"widget\" data-widget_type=\"spacer.default\">\n\t\t\t\t<div class=\"elementor-widget-container\">\n\t\t\t\t\t\t\t<div class=\"elementor-spacer\">\n\t\t\t<div class=\"elementor-spacer-inner\"><\/div>\n\t\t<\/div>\n\t\t\t\t\t\t<\/div>\n\t\t\t\t<\/div>\n\t\t\t\t\t<\/div>\n\t\t<\/div>\n\t\t\t\t<div class=\"elementor-column elementor-col-50 elementor-top-column elementor-element elementor-element-42014e44\" data-id=\"42014e44\" data-element_type=\"column\" data-settings=\"{&quot;background_background&quot;:&quot;classic&quot;}\">\n\t\t\t<div class=\"elementor-widget-wrap elementor-element-populated\">\n\t\t\t\t\t\t<div class=\"elementor-element elementor-element-7e81eb3 elementor-widget elementor-widget-heading\" data-id=\"7e81eb3\" data-element_type=\"widget\" data-widget_type=\"heading.default\">\n\t\t\t\t<div class=\"elementor-widget-container\">\n\t\t\t\t\t<h5 class=\"elementor-heading-title elementor-size-default\">Smart Badge Technologie <u>f\u00fcr Aussteller<\/u> <\/h5>\t\t\t\t<\/div>\n\t\t\t\t<\/div>\n\t\t\t\t<div class=\"elementor-element elementor-element-548d39dd elementor-widget elementor-widget-heading\" data-id=\"548d39dd\" data-element_type=\"widget\" data-widget_type=\"heading.default\">\n\t\t\t\t<div class=\"elementor-widget-container\">\n\t\t\t\t\t<h2 class=\"elementor-heading-title elementor-size-default\">Machen Sie aus Ihren Besuchern <u>hochqualifizierte Kontakte!<\/u><\/h2>\t\t\t\t<\/div>\n\t\t\t\t<\/div>\n\t\t\t\t<div class=\"elementor-element elementor-element-6b52c07b elementor-widget elementor-widget-text-editor\" data-id=\"6b52c07b\" data-element_type=\"widget\" data-widget_type=\"text-editor.default\">\n\t\t\t\t<div class=\"elementor-widget-container\">\n\t\t\t\t\t\t\t\t\tAls Teil Ihres EasyGo Paketes, erhalten alle Aussteller ein NFC-Leseger\u00e4t, um den Gesamteindruck f\u00fcr Besucher zu steigern. Das drahtlose Leseger\u00e4t an Ihrem Stand \u00fcbertr\u00e4gt Ihre Produkt- und Firmeninformationen, die Sie in Ihrem My Easyfairs\u00a0Account hochgeladen haben, digital an die Besucher.\t\t\t\t\t\t\t\t<\/div>\n\t\t\t\t<\/div>\n\t\t\t\t<div class=\"elementor-element elementor-element-d900b33 elementor-widget elementor-widget-button\" data-id=\"d900b33\" data-element_type=\"widget\" data-widget_type=\"button.default\">\n\t\t\t\t<div class=\"elementor-widget-container\">\n\t\t\t\t\t\t\t\t\t<div class=\"elementor-button-wrapper\">\n\t\t\t\t\t<a class=\"elementor-button elementor-button-link elementor-size-sm\" href=\"#content\">\n\t\t\t\t\t\t<span class=\"elementor-button-content-wrapper\">\n\t\t\t\t\t\t<span class=\"elementor-button-icon\">\n\t\t\t\t<i aria-hidden=\"true\" class=\"fas fa-arrow-right\"><\/i>\t\t\t<\/span>\n\t\t\t\t\t\t\t\t\t<span class=\"elementor-button-text\">Mehr lesen<\/span>\n\t\t\t\t\t<\/span>\n\t\t\t\t\t<\/a>\n\t\t\t\t<\/div>\n\t\t\t\t\t\t\t\t<\/div>\n\t\t\t\t<\/div>\n\t\t\t\t\t<\/div>\n\t\t<\/div>\n\t\t\t\t\t<\/div>\n\t\t<\/section>\n\t\t\t\t<section class=\"elementor-section elementor-top-section elementor-element elementor-element-5509251 elementor-section-boxed elementor-section-height-default elementor-section-height-default\" data-id=\"5509251\" data-element_type=\"section\" id=\"content\">\n\t\t\t\t\t\t<div class=\"elementor-container elementor-column-gap-no\">\n\t\t\t\t\t<div class=\"elementor-column elementor-col-100 elementor-top-column elementor-element elementor-element-fefec8b\" data-id=\"fefec8b\" data-element_type=\"column\">\n\t\t\t<div class=\"elementor-widget-wrap elementor-element-populated\">\n\t\t\t\t\t\t<div class=\"elementor-element elementor-element-f30ad1f elementor-widget elementor-widget-heading\" data-id=\"f30ad1f\" data-element_type=\"widget\" data-widget_type=\"heading.default\">\n\t\t\t\t<div class=\"elementor-widget-container\">\n\t\t\t\t\t<h2 class=\"elementor-heading-title elementor-size-default\">Informationen f\u00fcr  Aussteller<\/h2>\t\t\t\t<\/div>\n\t\t\t\t<\/div>\n\t\t\t\t<div class=\"elementor-element elementor-element-ec758ab elementor-widget elementor-widget-text-editor\" data-id=\"ec758ab\" data-element_type=\"widget\" data-widget_type=\"text-editor.default\">\n\t\t\t\t<div class=\"elementor-widget-container\">\n\t\t\t\t\t\t\t\t\t<p><strong>WIE FUNKTIONIERT&#8217;S?<\/strong><br \/>Sobald Besucher Ihr Leseger\u00e4t mit dem Besucherausweis ber\u00fchren, sammeln sie s\u00e4mtliche Informationen \u00fcber Ihre Firma und Produkte, die Sie in Ihrem My Easyfairs Account hochgeladen haben. Am Ende des Messetages erhalten die Besucher diese Informationen als Messezusammenfassung per E-Mail zugesandt.<\/p><p>Wenn Sie GoLeads, GoPlus oder GoPremium nutzen, erhalten Sie die Daten der Besucher, die Ihr Leseger\u00e4t ber\u00fchrt haben. Sie k\u00f6nnen diese in MyEasyfairs herunterladen.<\/p><p>Nur GoVisibility? Ihre Besucher haben Ihre Informationen \u00fcber Ihr Leseger\u00e4t erhalten. Damit Sie die Daten Ihrer Besucher erhalten k\u00f6nnen, m\u00fcssen Sie Ihr Paket auf GoPlus erweitern.<\/p><p><strong>WAS M\u00dcSSEN SIE <u>VOR DER MESSE<\/u> DAF\u00dcR ERLEDIGEN?<\/strong><br \/>Stellen Sie sicher, dass Ihr Firmenprofil in Ihrem My Easyfairs Account (Firmendaten, Produkte und Kontaktinformationen) auf dem neuesten Stand ist. Diese Informationen erh\u00e4lt der Besucher digital, wenn er mit seinem Ausweis Ihr Leseger\u00e4t am Stand ber\u00fchrt hat.<\/p><p><strong>WAS M\u00dcSSEN SIE <u>AUF DER MESSE<\/u> DAF\u00dcR ERLEDIGEN?<\/strong><br \/>Sie bekommen am Aufbautag das einsatzbereite Leseger\u00e4t auf einem standardisierten Aufsteller auf Ihrem Stand platziert.<\/p><p>Diesen k\u00f6nnen Sie so positionieren, wie Sie m\u00f6chten.<\/p><p>Am Ende der Messe werden die Leseger\u00e4te von unserem Team wieder eingesammelt.<\/p><p>Bitte achten Sie darauf, dass Sie den Aufsteller mit dem Leseger\u00e4t am 1. Messetag auf Ihrem Stand vorfinden. Wenn nicht, setzen Sie sich bitte umgehend mit dem Messe-Team in Verbindung, da Aufsteller und Leseger\u00e4t Teil Ihres Standpakets sind um am Ende der Messe zur\u00fcckgegeben werden m\u00fcssen.<\/p>\t\t\t\t\t\t\t\t<\/div>\n\t\t\t\t<\/div>\n\t\t\t\t<div class=\"elementor-element elementor-element-0c648f0 elementor-widget elementor-widget-heading\" data-id=\"0c648f0\" data-element_type=\"widget\" data-widget_type=\"heading.default\">\n\t\t\t\t<div class=\"elementor-widget-container\">\n\t\t\t\t\t<h2 class=\"elementor-heading-title elementor-size-default\">Vorteile f\u00fcr  Aussteller<\/h2>\t\t\t\t<\/div>\n\t\t\t\t<\/div>\n\t\t\t\t<div class=\"elementor-element elementor-element-dddb453 elementor-widget elementor-widget-text-editor\" data-id=\"dddb453\" data-element_type=\"widget\" data-widget_type=\"text-editor.default\">\n\t\t\t\t<div class=\"elementor-widget-container\">\n\t\t\t\t\t\t\t\t\t<p><strong>SIE GEBEN IHRE FIRMENINFORMATIONEN<u> SCHNELL UND EINFACH<\/u> WEITER<\/strong><br \/>Besucher erhalten Ihre Firmen- und Produktinformationen per E-Mail \u2013 ganz einfach durch die Ber\u00fchrung des Leseger\u00e4tes mit ihrem Besucherausweis. Sogar Besucher mit denen Sie keinen pers\u00f6nlichen Kontakt hatten, k\u00f6nnen dadurch Informationen \u00fcber Sie anfordern.<\/p><p><strong>SIE <u>VERMEIDEN KOSTEN<\/u> UND SCHONEN RESSOURCEN<\/strong><br \/>Wenn Sie Ihre Firmen- und Produktinformationen digital zur Verf\u00fcgung stellen, ben\u00f6tigen Sie weniger Brosch\u00fcren, Kataloge oder andere Drucksachen. Dadurch sparen Sie Produktions- und Transportkosten. Zudem sammeln die Besucher weniger Material auf der Messe und damit reduziert sich die Gefahr, dass sie wichtige Unterlagen \u201cverlieren\u201d.<\/p><p><strong>SIE BIETEN IHREN BESUCHERN EINE <u>MODERNE INTERAKTIVE KOMMUNIKATION<\/u><\/strong><br \/>Besucher, die Ihr Leseger\u00e4t mit dem Ausweis ber\u00fchren, erhalten Ihre Informationen digital. Dadurch k\u00f6nnen sie die Daten einfach mit Kollegen und Freunden via E-Mail oder in sozialen Netzwerken teilen.<\/p><p><strong>SIE ERLEICHTERN IHRE <u>MESSENACHBEAREITUNG<\/u><\/strong><br \/>Sie erhalten eine elektronische Auflistung aller Besucher, die Ihre Informationen angefordert haben. Der zeitaufw\u00e4ndige Import von Visitenkarten oder Kontaktb\u00f6gen entf\u00e4llt.<\/p>\t\t\t\t\t\t\t\t<\/div>\n\t\t\t\t<\/div>\n\t\t\t\t\t<\/div>\n\t\t<\/div>\n\t\t\t\t\t<\/div>\n\t\t<\/section>\n\t\t\t\t<section class=\"elementor-section elementor-top-section elementor-element elementor-element-122d850 elementor-section-full_width elementor-section-height-default elementor-section-height-default\" data-id=\"122d850\" data-element_type=\"section\" data-settings=\"{&quot;background_background&quot;:&quot;classic&quot;}\">\n\t\t\t\t\t\t<div class=\"elementor-container elementor-column-gap-no\">\n\t\t\t\t\t<div class=\"elementor-column elementor-col-100 elementor-top-column elementor-element elementor-element-fcb7554\" data-id=\"fcb7554\" data-element_type=\"column\">\n\t\t\t<div class=\"elementor-widget-wrap elementor-element-populated\">\n\t\t\t\t\t\t<div class=\"elementor-element elementor-element-b78d6ea elementor-widget elementor-widget-text-editor\" data-id=\"b78d6ea\" data-element_type=\"widget\" data-widget_type=\"text-editor.default\">\n\t\t\t\t<div class=\"elementor-widget-container\">\n\t\t\t\t\t\t\t\t\t<p>\t\t<div data-elementor-type=\"section\" data-elementor-id=\"12907\" class=\"elementor elementor-12907\" data-elementor-post-type=\"elementor_library\">\n\t\t\t\t\t<section class=\"elementor-section elementor-top-section elementor-element elementor-element-7361b0c7 elementor-section-full_width elementor-hidden-tablet elementor-section-height-default elementor-section-height-default\" data-id=\"7361b0c7\" data-element_type=\"section\" data-settings=\"{&quot;background_background&quot;:&quot;classic&quot;}\">\n\t\t\t\t\t\t<div class=\"elementor-container elementor-column-gap-no\">\n\t\t\t\t\t<div class=\"elementor-column elementor-col-100 elementor-top-column elementor-element elementor-element-15122c52\" data-id=\"15122c52\" data-element_type=\"column\">\n\t\t\t<div class=\"elementor-widget-wrap elementor-element-populated\">\n\t\t\t\t\t\t<section class=\"elementor-section elementor-inner-section elementor-element elementor-element-5fc0f85c elementor-section-boxed elementor-section-height-default elementor-section-height-default\" data-id=\"5fc0f85c\" data-element_type=\"section\">\n\t\t\t\t\t\t<div class=\"elementor-container elementor-column-gap-default\">\n\t\t\t\t\t<div class=\"elementor-column elementor-col-25 elementor-inner-column elementor-element elementor-element-4ca89309\" data-id=\"4ca89309\" data-element_type=\"column\">\n\t\t\t<div class=\"elementor-widget-wrap elementor-element-populated\">\n\t\t\t\t\t\t<div class=\"elementor-element elementor-element-7e74a54 elementor-widget elementor-widget-text-editor\" data-id=\"7e74a54\" data-element_type=\"widget\" data-widget_type=\"text-editor.default\">\n\t\t\t\t<div class=\"elementor-widget-container\">\n\t\t\t\t\t\t\t\t\t<p><strong>EMPACK<\/strong><\/p><p><strong>Veranstaltungsort:<\/strong><br \/>Messe Z\u00fcrich<br \/>Wallisellenstrasse 49<br \/>CH-8050 Z\u00fcrich<\/p>\t\t\t\t\t\t\t\t<\/div>\n\t\t\t\t<\/div>\n\t\t\t\t<div class=\"elementor-element elementor-element-5affdb29 elementor-widget elementor-widget-image\" data-id=\"5affdb29\" data-element_type=\"widget\" data-widget_type=\"image.default\">\n\t\t\t\t<div class=\"elementor-widget-container\">\n\t\t\t\t\t\t\t\t\t\t\t\t\t\t\t\t<a href=\"https:\/\/www.easyfairs.com\/\" target=\"_blank\">\n\t\t\t\t\t\t\t<img decoding=\"async\" src=\"https:\/\/easyfairsassets.com\/sites\/95\/2021\/02\/by-Easyfairs_2018_text_72ppi_white.png\" title=\"\" alt=\"\" loading=\"lazy\" \/>\t\t\t\t\t\t\t\t<\/a>\n\t\t\t\t\t\t\t\t\t\t\t\t\t\t\t<\/div>\n\t\t\t\t<\/div>\n\t\t\t\t\t<\/div>\n\t\t<\/div>\n\t\t\t\t<div class=\"elementor-column elementor-col-25 elementor-inner-column elementor-element elementor-element-76764aab\" data-id=\"76764aab\" data-element_type=\"column\">\n\t\t\t<div class=\"elementor-widget-wrap elementor-element-populated\">\n\t\t\t\t\t\t<div class=\"elementor-element elementor-element-a03d034 elementor-widget elementor-widget-text-editor\" data-id=\"a03d034\" data-element_type=\"widget\" data-widget_type=\"text-editor.default\">\n\t\t\t\t<div class=\"elementor-widget-container\">\n\t\t\t\t\t\t\t\t\t<p><strong>EMPACK<\/strong><\/p><p><strong>\u00d6ffnungszeiten:<\/strong><br \/>Mittwoch, 27. Januar 2027<br \/>09:00 &#8211; 17:00 Uhr<br \/>Donnerstag, 28. Januar 2027<br \/>09:00 &#8211; 16:00 Uhr<\/p>\t\t\t\t\t\t\t\t<\/div>\n\t\t\t\t<\/div>\n\t\t\t\t\t<\/div>\n\t\t<\/div>\n\t\t\t\t<div class=\"elementor-column elementor-col-25 elementor-inner-column elementor-element elementor-element-5f792f0c\" data-id=\"5f792f0c\" data-element_type=\"column\">\n\t\t\t<div class=\"elementor-widget-wrap elementor-element-populated\">\n\t\t\t\t\t\t<div class=\"elementor-element elementor-element-4890997 elementor-widget elementor-widget-image\" data-id=\"4890997\" data-element_type=\"widget\" data-widget_type=\"image.default\">\n\t\t\t\t<div class=\"elementor-widget-container\">\n\t\t\t\t\t\t\t\t\t\t\t\t\t\t\t\t<a href=\"https:\/\/www.logistics-automation.ch\/de\/\" target=\"_blank\">\n\t\t\t\t\t\t\t<img fetchpriority=\"high\" decoding=\"async\" width=\"313\" height=\"197\" src=\"https:\/\/easyfairsassets.com\/sites\/95\/2021\/02\/Co-located-with-LA_transparent.png\" class=\"attachment-large size-large wp-image-12194\" alt=\"\" srcset=\"https:\/\/easyfairsassets.com\/sites\/95\/2021\/02\/Co-located-with-LA_transparent.png 313w, https:\/\/easyfairsassets.com\/sites\/95\/2021\/02\/Co-located-with-LA_transparent-300x189.png 300w\" sizes=\"(max-width: 313px) 100vw, 313px\" \/>\t\t\t\t\t\t\t\t<\/a>\n\t\t\t\t\t\t\t\t\t\t\t\t\t\t\t<\/div>\n\t\t\t\t<\/div>\n\t\t\t\t<div class=\"elementor-element elementor-element-d4e39a8 elementor-shape-square e-grid-align-mobile-left e-grid-align-tablet-center e-grid-align-left elementor-grid-0 elementor-widget elementor-widget-social-icons\" data-id=\"d4e39a8\" data-element_type=\"widget\" data-widget_type=\"social-icons.default\">\n\t\t\t\t<div class=\"elementor-widget-container\">\n\t\t\t\t\t\t\t<div class=\"elementor-social-icons-wrapper elementor-grid\" role=\"list\">\n\t\t\t\t\t\t\t<span class=\"elementor-grid-item\" role=\"listitem\">\n\t\t\t\t\t<a class=\"elementor-icon elementor-social-icon elementor-social-icon-xing elementor-animation-grow elementor-repeater-item-0a0cdda\" href=\"https:\/\/www.xing.com\/communities\/groups\/empack-und-packaging-innovations-2019-68d4-1092587\/posts\" target=\"_blank\">\n\t\t\t\t\t\t<span class=\"elementor-screen-only\">Xing<\/span>\n\t\t\t\t\t\t<i aria-hidden=\"true\" class=\"fab fa-xing\"><\/i>\t\t\t\t\t<\/a>\n\t\t\t\t<\/span>\n\t\t\t\t\t\t\t<span class=\"elementor-grid-item\" role=\"listitem\">\n\t\t\t\t\t<a class=\"elementor-icon elementor-social-icon elementor-social-icon-linkedin-in elementor-animation-grow elementor-repeater-item-d1b2e34\" href=\"https:\/\/www.linkedin.com\/showcase\/verpackungsmessen-schweiz\" target=\"_blank\">\n\t\t\t\t\t\t<span class=\"elementor-screen-only\">Linkedin-in<\/span>\n\t\t\t\t\t\t<i aria-hidden=\"true\" class=\"fab fa-linkedin-in\"><\/i>\t\t\t\t\t<\/a>\n\t\t\t\t<\/span>\n\t\t\t\t\t\t\t<span class=\"elementor-grid-item\" role=\"listitem\">\n\t\t\t\t\t<a class=\"elementor-icon elementor-social-icon elementor-social-icon-twitter elementor-animation-grow elementor-repeater-item-4b56288\" href=\"https:\/\/twitter.com\/verpackung_CH\" target=\"_blank\">\n\t\t\t\t\t\t<span class=\"elementor-screen-only\">Twitter<\/span>\n\t\t\t\t\t\t<i aria-hidden=\"true\" class=\"fab fa-twitter\"><\/i>\t\t\t\t\t<\/a>\n\t\t\t\t<\/span>\n\t\t\t\t\t\t\t<span class=\"elementor-grid-item\" role=\"listitem\">\n\t\t\t\t\t<a class=\"elementor-icon elementor-social-icon elementor-social-icon-youtube elementor-animation-grow elementor-repeater-item-220f212\" href=\"https:\/\/www.youtube.com\/channel\/UCovK9XW5A8NzDRSk7jGo3mw\/videos\" target=\"_blank\">\n\t\t\t\t\t\t<span class=\"elementor-screen-only\">Youtube<\/span>\n\t\t\t\t\t\t<i aria-hidden=\"true\" class=\"fab fa-youtube\"><\/i>\t\t\t\t\t<\/a>\n\t\t\t\t<\/span>\n\t\t\t\t\t<\/div>\n\t\t\t\t\t\t<\/div>\n\t\t\t\t<\/div>\n\t\t\t\t\t<\/div>\n\t\t<\/div>\n\t\t\t\t<div class=\"elementor-column elementor-col-25 elementor-inner-column elementor-element elementor-element-5ce6b890\" data-id=\"5ce6b890\" data-element_type=\"column\">\n\t\t\t<div class=\"elementor-widget-wrap elementor-element-populated\">\n\t\t\t\t\t\t<div class=\"elementor-element elementor-element-46674551 elementor-tablet-align-left elementor-widget elementor-widget-button\" data-id=\"46674551\" data-element_type=\"widget\" data-widget_type=\"button.default\">\n\t\t\t\t<div class=\"elementor-widget-container\">\n\t\t\t\t\t\t\t\t\t<div class=\"elementor-button-wrapper\">\n\t\t\t\t\t<a class=\"elementor-button elementor-button-link elementor-size-sm\" href=\"https:\/\/www.empack-zuerich.ch\/de\/kontakt-2\/\" target=\"_blank\">\n\t\t\t\t\t\t<span class=\"elementor-button-content-wrapper\">\n\t\t\t\t\t\t<span class=\"elementor-button-icon\">\n\t\t\t\t<i aria-hidden=\"true\" class=\"fas fa-arrow-right\"><\/i>\t\t\t<\/span>\n\t\t\t\t\t\t\t\t\t<span class=\"elementor-button-text\">Kontakt Messeteam<\/span>\n\t\t\t\t\t<\/span>\n\t\t\t\t\t<\/a>\n\t\t\t\t<\/div>\n\t\t\t\t\t\t\t\t<\/div>\n\t\t\t\t<\/div>\n\t\t\t\t<div class=\"elementor-element elementor-element-eb955f5 elementor-widget elementor-widget-button\" data-id=\"eb955f5\" data-element_type=\"widget\" data-widget_type=\"button.default\">\n\t\t\t\t<div class=\"elementor-widget-container\">\n\t\t\t\t\t\t\t\t\t<div class=\"elementor-button-wrapper\">\n\t\t\t\t\t<a class=\"elementor-button elementor-button-link elementor-size-sm\" href=\"mailto:kristina.nadjarian@easyfairs.com\" target=\"_blank\">\n\t\t\t\t\t\t<span class=\"elementor-button-content-wrapper\">\n\t\t\t\t\t\t<span class=\"elementor-button-icon\">\n\t\t\t\t<i aria-hidden=\"true\" class=\"fas fa-arrow-right\"><\/i>\t\t\t<\/span>\n\t\t\t\t\t\t\t\t\t<span class=\"elementor-button-text\">Kontakt Besucher &amp; Verb\u00e4nde<\/span>\n\t\t\t\t\t<\/span>\n\t\t\t\t\t<\/a>\n\t\t\t\t<\/div>\n\t\t\t\t\t\t\t\t<\/div>\n\t\t\t\t<\/div>\n\t\t\t\t<div class=\"elementor-element elementor-element-ab5dd24 elementor-widget elementor-widget-button\" data-id=\"ab5dd24\" data-element_type=\"widget\" data-widget_type=\"button.default\">\n\t\t\t\t<div class=\"elementor-widget-container\">\n\t\t\t\t\t\t\t\t\t<div class=\"elementor-button-wrapper\">\n\t\t\t\t\t<a class=\"elementor-button elementor-button-link elementor-size-sm\" href=\"mailto:michel.zoia@easyfairs.com\" target=\"_blank\">\n\t\t\t\t\t\t<span class=\"elementor-button-content-wrapper\">\n\t\t\t\t\t\t<span class=\"elementor-button-icon\">\n\t\t\t\t<i aria-hidden=\"true\" class=\"fas fa-arrow-right\"><\/i>\t\t\t<\/span>\n\t\t\t\t\t\t\t\t\t<span class=\"elementor-button-text\">Kontakt Aussteller<\/span>\n\t\t\t\t\t<\/span>\n\t\t\t\t\t<\/a>\n\t\t\t\t<\/div>\n\t\t\t\t\t\t\t\t<\/div>\n\t\t\t\t<\/div>\n\t\t\t\t<div class=\"elementor-element elementor-element-4e391503 elementor-widget elementor-widget-button\" data-id=\"4e391503\" data-element_type=\"widget\" data-widget_type=\"button.default\">\n\t\t\t\t<div class=\"elementor-widget-container\">\n\t\t\t\t\t\t\t\t\t<div class=\"elementor-button-wrapper\">\n\t\t\t\t\t<a class=\"elementor-button elementor-button-link elementor-size-sm\" href=\"mailto:sarah.tschopp@easyfairs.com\" target=\"_blank\">\n\t\t\t\t\t\t<span class=\"elementor-button-content-wrapper\">\n\t\t\t\t\t\t<span class=\"elementor-button-icon\">\n\t\t\t\t<i aria-hidden=\"true\" class=\"fas fa-arrow-right\"><\/i>\t\t\t<\/span>\n\t\t\t\t\t\t\t\t\t<span class=\"elementor-button-text\">Kontakt Presse<\/span>\n\t\t\t\t\t<\/span>\n\t\t\t\t\t<\/a>\n\t\t\t\t<\/div>\n\t\t\t\t\t\t\t\t<\/div>\n\t\t\t\t<\/div>\n\t\t\t\t\t<\/div>\n\t\t<\/div>\n\t\t\t\t\t<\/div>\n\t\t<\/section>\n\t\t\t\t\t<\/div>\n\t\t<\/div>\n\t\t\t\t\t<\/div>\n\t\t<\/section>\n\t\t\t\t<\/div>\n\t\t<\/p>\t\t\t\t\t\t\t\t<\/div>\n\t\t\t\t<\/div>\n\t\t\t\t\t<\/div>\n\t\t<\/div>\n\t\t\t\t\t<\/div>\n\t\t<\/section>\n\t\t\t\t<\/div>\n\t\t","protected":false},"excerpt":{"rendered":"<p>Smart Badge Technologie f\u00fcr Aussteller Machen Sie aus Ihren Besuchern hochqualifizierte Kontakte! Als Teil Ihres EasyGo Paketes, erhalten alle Aussteller ein NFC-Leseger\u00e4t, um den Gesamteindruck f\u00fcr Besucher zu steigern. Das drahtlose Leseger\u00e4t an Ihrem Stand \u00fcbertr\u00e4gt Ihre Produkt- und Firmeninformationen, die Sie in Ihrem My Easyfairs\u00a0Account hochgeladen haben, digital an die Besucher. Mehr lesen Informationen [&hellip;]<\/p>\n","protected":false},"author":1,"featured_media":0,"parent":0,"menu_order":0,"comment_status":"closed","ping_status":"closed","template":"","meta":{"_seopress_robots_primary_cat":"","_seopress_titles_title":"Smart Badge Technologie f\u00fcr Aussteller","_seopress_titles_desc":"%%post_excerpt%%","_seopress_robots_index":"","footnotes":""},"class_list":["post-1553","page","type-page","status-publish","hentry"],"_links":{"self":[{"href":"https:\/\/www.empack-schweiz.ch\/de\/wp-json\/wp\/v2\/pages\/1553","targetHints":{"allow":["GET"]}}],"collection":[{"href":"https:\/\/www.empack-schweiz.ch\/de\/wp-json\/wp\/v2\/pages"}],"about":[{"href":"https:\/\/www.empack-schweiz.ch\/de\/wp-json\/wp\/v2\/types\/page"}],"author":[{"embeddable":true,"href":"https:\/\/www.empack-schweiz.ch\/de\/wp-json\/wp\/v2\/users\/1"}],"replies":[{"embeddable":true,"href":"https:\/\/www.empack-schweiz.ch\/de\/wp-json\/wp\/v2\/comments?post=1553"}],"version-history":[{"count":5,"href":"https:\/\/www.empack-schweiz.ch\/de\/wp-json\/wp\/v2\/pages\/1553\/revisions"}],"predecessor-version":[{"id":121868,"href":"https:\/\/www.empack-schweiz.ch\/de\/wp-json\/wp\/v2\/pages\/1553\/revisions\/121868"}],"wp:attachment":[{"href":"https:\/\/www.empack-schweiz.ch\/de\/wp-json\/wp\/v2\/media?parent=1553"}],"curies":[{"name":"wp","href":"https:\/\/api.w.org\/{rel}","templated":true}]}}