{"id":163272,"date":"2025-01-08T16:52:07","date_gmt":"2025-01-08T15:52:07","guid":{"rendered":"https:\/\/www.empack-schweiz.ch\/?page_id=163272"},"modified":"2026-01-07T12:09:36","modified_gmt":"2026-01-07T11:09:36","slug":"aussteller-messe-app","status":"publish","type":"page","link":"https:\/\/www.empack-schweiz.ch\/de\/aussteller-messe-app\/","title":{"rendered":"Aussteller Messe App"},"content":{"rendered":"\t\t<div data-elementor-type=\"wp-page\" data-elementor-id=\"163272\" class=\"elementor elementor-163272\" data-elementor-post-type=\"page\">\n\t\t\t\t\t\t<section class=\"elementor-section elementor-top-section elementor-element elementor-element-187a710d elementor-section-content-middle elementor-section-full_width elementor-section-height-default elementor-section-height-default\" data-id=\"187a710d\" data-element_type=\"section\" data-settings=\"{&quot;background_background&quot;:&quot;classic&quot;}\">\n\t\t\t\t\t\t<div class=\"elementor-container elementor-column-gap-no\">\n\t\t\t\t\t<div class=\"elementor-column elementor-col-50 elementor-top-column elementor-element elementor-element-2ced0c75\" data-id=\"2ced0c75\" data-element_type=\"column\" data-settings=\"{&quot;background_background&quot;:&quot;classic&quot;}\">\n\t\t\t<div class=\"elementor-widget-wrap elementor-element-populated\">\n\t\t\t\t\t\t<div class=\"elementor-element elementor-element-5fa481a3 elementor-widget elementor-widget-spacer\" data-id=\"5fa481a3\" data-element_type=\"widget\" data-widget_type=\"spacer.default\">\n\t\t\t\t<div class=\"elementor-widget-container\">\n\t\t\t\t\t\t\t<div class=\"elementor-spacer\">\n\t\t\t<div class=\"elementor-spacer-inner\"><\/div>\n\t\t<\/div>\n\t\t\t\t\t\t<\/div>\n\t\t\t\t<\/div>\n\t\t\t\t\t<\/div>\n\t\t<\/div>\n\t\t\t\t<div class=\"elementor-column elementor-col-50 elementor-top-column elementor-element elementor-element-31ec642a\" data-id=\"31ec642a\" data-element_type=\"column\" data-settings=\"{&quot;background_background&quot;:&quot;classic&quot;}\">\n\t\t\t<div class=\"elementor-widget-wrap elementor-element-populated\">\n\t\t\t\t\t\t<div class=\"elementor-element elementor-element-38cea388 elementor-widget elementor-widget-heading\" data-id=\"38cea388\" data-element_type=\"widget\" data-widget_type=\"heading.default\">\n\t\t\t\t<div class=\"elementor-widget-container\">\n\t\t\t\t\t<h5 class=\"elementor-heading-title elementor-size-default\">Ihr Messeauftritt<\/h5>\t\t\t\t<\/div>\n\t\t\t\t<\/div>\n\t\t\t\t<div class=\"elementor-element elementor-element-3f363ec6 elementor-widget elementor-widget-heading\" data-id=\"3f363ec6\" data-element_type=\"widget\" data-widget_type=\"heading.default\">\n\t\t\t\t<div class=\"elementor-widget-container\">\n\t\t\t\t\t<h2 class=\"elementor-heading-title elementor-size-default\">Die Easyfairs Schweiz <u>Messe App<\/u><\/h2>\t\t\t\t<\/div>\n\t\t\t\t<\/div>\n\t\t\t\t<div class=\"elementor-element elementor-element-7773542d elementor-widget elementor-widget-text-editor\" data-id=\"7773542d\" data-element_type=\"widget\" data-widget_type=\"text-editor.default\">\n\t\t\t\t<div class=\"elementor-widget-container\">\n\t\t\t\t\t\t\t\t\t<p>Wir freuen uns, Ihnen unsere neue Messe App und ihre zahlreichen Funktionen vorzustellen, die Ihre Sichtbarkeit vor, w\u00e4hrend und nach der Messe erh\u00f6hen werden.<\/p><p>Diese App ist mehr als nur ein Terminplanungs-Tool und erm\u00f6glicht es Ihnen, mit Kunden, Interessenten und potenziellen Partnern zu jedem Zeitpunkt in Kontakt zu treten.<\/p><div>\u00a0<\/div>\t\t\t\t\t\t\t\t<\/div>\n\t\t\t\t<\/div>\n\t\t\t\t<div class=\"elementor-element elementor-element-a95baa4 elementor-widget elementor-widget-button\" data-id=\"a95baa4\" data-element_type=\"widget\" data-widget_type=\"button.default\">\n\t\t\t\t<div class=\"elementor-widget-container\">\n\t\t\t\t\t\t\t\t\t<div class=\"elementor-button-wrapper\">\n\t\t\t\t\t<a class=\"elementor-button elementor-button-link elementor-size-sm\" href=\"https:\/\/community.easyfairs.ch\/packlogbern2025\/event-login\" target=\"_blank\">\n\t\t\t\t\t\t<span class=\"elementor-button-content-wrapper\">\n\t\t\t\t\t\t<span class=\"elementor-button-icon\">\n\t\t\t\t<i aria-hidden=\"true\" class=\"fas fa-arrow-right\"><\/i>\t\t\t<\/span>\n\t\t\t\t\t\t\t\t\t<span class=\"elementor-button-text\">App Download<\/span>\n\t\t\t\t\t<\/span>\n\t\t\t\t\t<\/a>\n\t\t\t\t<\/div>\n\t\t\t\t\t\t\t\t<\/div>\n\t\t\t\t<\/div>\n\t\t\t\t\t<\/div>\n\t\t<\/div>\n\t\t\t\t\t<\/div>\n\t\t<\/section>\n\t\t\t\t<section class=\"elementor-section elementor-top-section elementor-element elementor-element-12d7ec77 elementor-section-boxed elementor-section-height-default elementor-section-height-default\" data-id=\"12d7ec77\" data-element_type=\"section\">\n\t\t\t\t\t\t<div class=\"elementor-container elementor-column-gap-default\">\n\t\t\t\t\t<div class=\"elementor-column elementor-col-100 elementor-top-column elementor-element elementor-element-46d55323\" data-id=\"46d55323\" data-element_type=\"column\">\n\t\t\t<div class=\"elementor-widget-wrap elementor-element-populated\">\n\t\t\t\t\t\t<div class=\"elementor-element elementor-element-2fb03669 elementor-widget elementor-widget-heading\" data-id=\"2fb03669\" data-element_type=\"widget\" data-widget_type=\"heading.default\">\n\t\t\t\t<div class=\"elementor-widget-container\">\n\t\t\t\t\t<h2 class=\"elementor-heading-title elementor-size-default\"><u>Auf einen Blick<\/u><\/h2>\t\t\t\t<\/div>\n\t\t\t\t<\/div>\n\t\t\t\t<div class=\"elementor-element elementor-element-6e7caaef elementor-widget elementor-widget-heading\" data-id=\"6e7caaef\" data-element_type=\"widget\" data-widget_type=\"heading.default\">\n\t\t\t\t<div class=\"elementor-widget-container\">\n\t\t\t\t\t<h2 class=\"elementor-heading-title elementor-size-default\">Ihre Vorteile mit der Messe App<\/h2>\t\t\t\t<\/div>\n\t\t\t\t<\/div>\n\t\t\t\t\t<\/div>\n\t\t<\/div>\n\t\t\t\t\t<\/div>\n\t\t<\/section>\n\t\t\t\t<section class=\"elementor-section elementor-top-section elementor-element elementor-element-2b366d0e elementor-section-boxed elementor-section-height-default elementor-section-height-default\" data-id=\"2b366d0e\" data-element_type=\"section\">\n\t\t\t\t\t\t<div class=\"elementor-container elementor-column-gap-default\">\n\t\t\t\t\t<div class=\"elementor-column elementor-col-50 elementor-top-column elementor-element elementor-element-1521c532\" data-id=\"1521c532\" data-element_type=\"column\">\n\t\t\t<div class=\"elementor-widget-wrap elementor-element-populated\">\n\t\t\t\t\t\t<div class=\"elementor-element elementor-element-6ee042a1 elementor-widget elementor-widget-image\" data-id=\"6ee042a1\" data-element_type=\"widget\" data-widget_type=\"image.default\">\n\t\t\t\t<div class=\"elementor-widget-container\">\n\t\t\t\t\t\t\t\t\t\t\t\t\t\t\t<img fetchpriority=\"high\" decoding=\"async\" width=\"417\" height=\"521\" src=\"https:\/\/easyfairsassets.com\/sites\/95\/2024\/04\/logpack_app_web.jpg\" class=\"attachment-large size-large wp-image-162204\" alt=\"\" srcset=\"https:\/\/easyfairsassets.com\/sites\/95\/2024\/04\/logpack_app_web.jpg 417w, https:\/\/easyfairsassets.com\/sites\/95\/2024\/04\/logpack_app_web-240x300.jpg 240w\" sizes=\"(max-width: 417px) 100vw, 417px\" \/>\t\t\t\t\t\t\t\t\t\t\t\t\t\t\t<\/div>\n\t\t\t\t<\/div>\n\t\t\t\t\t<\/div>\n\t\t<\/div>\n\t\t\t\t<div class=\"elementor-column elementor-col-50 elementor-top-column elementor-element elementor-element-7943d4dc\" data-id=\"7943d4dc\" data-element_type=\"column\">\n\t\t\t<div class=\"elementor-widget-wrap elementor-element-populated\">\n\t\t\t\t\t\t<div class=\"elementor-element elementor-element-6d74ac2c elementor-widget elementor-widget-spacer\" data-id=\"6d74ac2c\" data-element_type=\"widget\" data-widget_type=\"spacer.default\">\n\t\t\t\t<div class=\"elementor-widget-container\">\n\t\t\t\t\t\t\t<div class=\"elementor-spacer\">\n\t\t\t<div class=\"elementor-spacer-inner\"><\/div>\n\t\t<\/div>\n\t\t\t\t\t\t<\/div>\n\t\t\t\t<\/div>\n\t\t\t\t<div class=\"elementor-element elementor-element-43ea6f6a elementor-widget elementor-widget-heading\" data-id=\"43ea6f6a\" data-element_type=\"widget\" data-widget_type=\"heading.default\">\n\t\t\t\t<div class=\"elementor-widget-container\">\n\t\t\t\t\t<h2 class=\"elementor-heading-title elementor-size-default\">Mehr Performance mit der neuen Messe App!<\/h2>\t\t\t\t<\/div>\n\t\t\t\t<\/div>\n\t\t\t\t<div class=\"elementor-element elementor-element-72a42cf3 elementor-widget elementor-widget-toggle\" data-id=\"72a42cf3\" data-element_type=\"widget\" data-widget_type=\"toggle.default\">\n\t\t\t\t<div class=\"elementor-widget-container\">\n\t\t\t\t\t\t\t<div class=\"elementor-toggle\">\n\t\t\t\t\t\t\t<div class=\"elementor-toggle-item\">\n\t\t\t\t\t<div id=\"elementor-tab-title-1921\" class=\"elementor-tab-title\" data-tab=\"1\" role=\"button\" aria-controls=\"elementor-tab-content-1921\" aria-expanded=\"false\">\n\t\t\t\t\t\t\t\t\t\t\t\t<span class=\"elementor-toggle-icon elementor-toggle-icon-left\" aria-hidden=\"true\">\n\t\t\t\t\t\t\t\t\t\t\t\t\t\t\t<span class=\"elementor-toggle-icon-closed\"><i class=\"fas fa-caret-down\"><\/i><\/span>\n\t\t\t\t\t\t\t\t<span class=\"elementor-toggle-icon-opened\"><i class=\"elementor-toggle-icon-opened fas fa-caret-up\"><\/i><\/span>\n\t\t\t\t\t\t\t\t\t\t\t\t\t<\/span>\n\t\t\t\t\t\t\t\t\t\t\t\t<a class=\"elementor-toggle-title\" tabindex=\"0\">Ihr Online Messe-Guide:<\/a>\n\t\t\t\t\t<\/div>\n\n\t\t\t\t\t<div id=\"elementor-tab-content-1921\" class=\"elementor-tab-content elementor-clearfix\" data-tab=\"1\" role=\"region\" aria-labelledby=\"elementor-tab-title-1921\"><p>Alle wichtigen Informationen immer griffbereit: Der Hallenplan, die Ausstellerliste und die Produkte der Aussteller sind in der App zentral verf\u00fcgbar.<\/p><\/div>\n\t\t\t\t<\/div>\n\t\t\t\t\t\t\t<div class=\"elementor-toggle-item\">\n\t\t\t\t\t<div id=\"elementor-tab-title-1922\" class=\"elementor-tab-title\" data-tab=\"2\" role=\"button\" aria-controls=\"elementor-tab-content-1922\" aria-expanded=\"false\">\n\t\t\t\t\t\t\t\t\t\t\t\t<span class=\"elementor-toggle-icon elementor-toggle-icon-left\" aria-hidden=\"true\">\n\t\t\t\t\t\t\t\t\t\t\t\t\t\t\t<span class=\"elementor-toggle-icon-closed\"><i class=\"fas fa-caret-down\"><\/i><\/span>\n\t\t\t\t\t\t\t\t<span class=\"elementor-toggle-icon-opened\"><i class=\"elementor-toggle-icon-opened fas fa-caret-up\"><\/i><\/span>\n\t\t\t\t\t\t\t\t\t\t\t\t\t<\/span>\n\t\t\t\t\t\t\t\t\t\t\t\t<a class=\"elementor-toggle-title\" tabindex=\"0\">Effiziente Terminplanung:<\/a>\n\t\t\t\t\t<\/div>\n\n\t\t\t\t\t<div id=\"elementor-tab-content-1922\" class=\"elementor-tab-content elementor-clearfix\" data-tab=\"2\" role=\"region\" aria-labelledby=\"elementor-tab-title-1922\"><p>Effiziente Terminplanung: Die App unterst\u00fctzt Sie und Ihr Team bei der Kommunikation und Terminplanung.<\/p><\/div>\n\t\t\t\t<\/div>\n\t\t\t\t\t\t\t<div class=\"elementor-toggle-item\">\n\t\t\t\t\t<div id=\"elementor-tab-title-1923\" class=\"elementor-tab-title\" data-tab=\"3\" role=\"button\" aria-controls=\"elementor-tab-content-1923\" aria-expanded=\"false\">\n\t\t\t\t\t\t\t\t\t\t\t\t<span class=\"elementor-toggle-icon elementor-toggle-icon-left\" aria-hidden=\"true\">\n\t\t\t\t\t\t\t\t\t\t\t\t\t\t\t<span class=\"elementor-toggle-icon-closed\"><i class=\"fas fa-caret-down\"><\/i><\/span>\n\t\t\t\t\t\t\t\t<span class=\"elementor-toggle-icon-opened\"><i class=\"elementor-toggle-icon-opened fas fa-caret-up\"><\/i><\/span>\n\t\t\t\t\t\t\t\t\t\t\t\t\t<\/span>\n\t\t\t\t\t\t\t\t\t\t\t\t<a class=\"elementor-toggle-title\" tabindex=\"0\">Personalisiertes Erlebnis:<\/a>\n\t\t\t\t\t<\/div>\n\n\t\t\t\t\t<div id=\"elementor-tab-content-1923\" class=\"elementor-tab-content elementor-clearfix\" data-tab=\"3\" role=\"region\" aria-labelledby=\"elementor-tab-title-1923\"><p>\u00a0Nutzen Sie die massgeschneiderten Vorschl\u00e4ge, um Ihre Messeteilnahme auf Ihre individuellen Ziele abzustimmen.umschalten<\/p><\/div>\n\t\t\t\t<\/div>\n\t\t\t\t\t\t\t<div class=\"elementor-toggle-item\">\n\t\t\t\t\t<div id=\"elementor-tab-title-1924\" class=\"elementor-tab-title\" data-tab=\"4\" role=\"button\" aria-controls=\"elementor-tab-content-1924\" aria-expanded=\"false\">\n\t\t\t\t\t\t\t\t\t\t\t\t<span class=\"elementor-toggle-icon elementor-toggle-icon-left\" aria-hidden=\"true\">\n\t\t\t\t\t\t\t\t\t\t\t\t\t\t\t<span class=\"elementor-toggle-icon-closed\"><i class=\"fas fa-caret-down\"><\/i><\/span>\n\t\t\t\t\t\t\t\t<span class=\"elementor-toggle-icon-opened\"><i class=\"elementor-toggle-icon-opened fas fa-caret-up\"><\/i><\/span>\n\t\t\t\t\t\t\t\t\t\t\t\t\t<\/span>\n\t\t\t\t\t\t\t\t\t\t\t\t<a class=\"elementor-toggle-title\" tabindex=\"0\">Echtzeit-Updates:<\/a>\n\t\t\t\t\t<\/div>\n\n\t\t\t\t\t<div id=\"elementor-tab-content-1924\" class=\"elementor-tab-content elementor-clearfix\" data-tab=\"4\" role=\"region\" aria-labelledby=\"elementor-tab-title-1924\"><p>Bleiben Sie immer auf dem neuesten Stand mit aktuellen Ereignisbenachrichtigungen und Echtzeit-Updates w\u00e4hrend der gesamten Veranstaltung.<\/p><\/div>\n\t\t\t\t<\/div>\n\t\t\t\t\t\t\t\t<\/div>\n\t\t\t\t\t\t<\/div>\n\t\t\t\t<\/div>\n\t\t\t\t\t<\/div>\n\t\t<\/div>\n\t\t\t\t\t<\/div>\n\t\t<\/section>\n\t\t\t\t<section class=\"elementor-section elementor-top-section elementor-element elementor-element-1939ca0a elementor-section-boxed elementor-section-height-default elementor-section-height-default\" data-id=\"1939ca0a\" data-element_type=\"section\" data-settings=\"{&quot;background_background&quot;:&quot;classic&quot;}\">\n\t\t\t\t\t\t\t<div class=\"elementor-background-overlay\"><\/div>\n\t\t\t\t\t\t\t<div class=\"elementor-container elementor-column-gap-default\">\n\t\t\t\t\t<div class=\"elementor-column elementor-col-66 elementor-top-column elementor-element elementor-element-51558c57\" data-id=\"51558c57\" data-element_type=\"column\">\n\t\t\t<div class=\"elementor-widget-wrap elementor-element-populated\">\n\t\t\t\t\t\t<div class=\"elementor-element elementor-element-65e026ab elementor-widget elementor-widget-heading\" data-id=\"65e026ab\" data-element_type=\"widget\" data-widget_type=\"heading.default\">\n\t\t\t\t<div class=\"elementor-widget-container\">\n\t\t\t\t\t<h2 class=\"elementor-heading-title elementor-size-default\">So funktioniert die App<\/h2>\t\t\t\t<\/div>\n\t\t\t\t<\/div>\n\t\t\t\t<div class=\"elementor-element elementor-element-12365d8a elementor-widget elementor-widget-text-editor\" data-id=\"12365d8a\" data-element_type=\"widget\" data-widget_type=\"text-editor.default\">\n\t\t\t\t<div class=\"elementor-widget-container\">\n\t\t\t\t\t\t\t\t\t<ol><li><strong>Account freischalten:\u00a0<\/strong>Sie erhalten automatisch nach Aktivierung der App eine E-Mail, mit der Sie Ihr Konto in der App erstellen k\u00f6nnen.<\/li><li><strong>Registrieren Sie Ihr Standpersonal:<\/strong>\u00a0Anschlie\u00dfend k\u00f6nnen Sie auch Ihre Kollegen registrieren, die vor Ort sein werden.<br \/>\u00dcber die \u201cMein Team\u201d-Funktion k\u00f6nnen Sie Ihr Team verwalten. Hinweis: Die \u201cMein Team\u201d-Funktion ist nur \u00fcber die Desktopversion erreichbar.<\/li><li><strong>Richten Sie Ihr Profil ein:<\/strong>\u00a0Erz\u00e4hlen Sie uns von Ihren Interessen, Ihrer Unternehmenst\u00e4tigkeit und was Sie w\u00e4hrend der Veranstaltung suchen.<\/li><li><strong>Beginnen Sie, Leute zu treffen:<\/strong>\u00a0Entdecken Sie Empfehlungen, kn\u00fcpfen Sie Kontakte zu anderen Fachleuten und planen Sie einige Treffen auf der Veranstaltung.<\/li><li>Laden Sie die App herunter:\u00a0Scannen Sie nebenstehenden QR-Code mit Ihrem Smartphone, um die App herunterzuladen.<\/li><\/ol><p>\u00a0<\/p><p><strong>Starten Sie jetzt und machen Sie das Beste aus Ihrem Messeauftritt!<\/strong><\/p>\t\t\t\t\t\t\t\t<\/div>\n\t\t\t\t<\/div>\n\t\t\t\t\t<\/div>\n\t\t<\/div>\n\t\t\t\t<div class=\"elementor-column elementor-col-33 elementor-top-column elementor-element elementor-element-50dd4bf9\" data-id=\"50dd4bf9\" data-element_type=\"column\">\n\t\t\t<div class=\"elementor-widget-wrap elementor-element-populated\">\n\t\t\t\t\t\t<div class=\"elementor-element elementor-element-7f5c71f7 elementor-widget elementor-widget-image\" data-id=\"7f5c71f7\" data-element_type=\"widget\" data-widget_type=\"image.default\">\n\t\t\t\t<div class=\"elementor-widget-container\">\n\t\t\t\t\t\t\t\t\t\t\t\t\t\t\t<img decoding=\"async\" width=\"300\" height=\"300\" src=\"https:\/\/easyfairsassets.com\/sites\/95\/2026\/01\/PACKLOG_APP_2026-300x300.png\" class=\"attachment-medium size-medium wp-image-185456\" alt=\"Easyfairs Schweiz Messe App EMPACK LOGISTICS &amp; AUTOMATION BERN\" srcset=\"https:\/\/easyfairsassets.com\/sites\/95\/2026\/01\/PACKLOG_APP_2026-300x300.png 300w, https:\/\/easyfairsassets.com\/sites\/95\/2026\/01\/PACKLOG_APP_2026-1024x1024.png 1024w, https:\/\/easyfairsassets.com\/sites\/95\/2026\/01\/PACKLOG_APP_2026-150x150.png 150w, https:\/\/easyfairsassets.com\/sites\/95\/2026\/01\/PACKLOG_APP_2026-768x768.png 768w, https:\/\/easyfairsassets.com\/sites\/95\/2026\/01\/PACKLOG_APP_2026-1536x1536.png 1536w, https:\/\/easyfairsassets.com\/sites\/95\/2026\/01\/PACKLOG_APP_2026.png 1776w\" sizes=\"(max-width: 300px) 100vw, 300px\" \/>\t\t\t\t\t\t\t\t\t\t\t\t\t\t\t<\/div>\n\t\t\t\t<\/div>\n\t\t\t\t\t<\/div>\n\t\t<\/div>\n\t\t\t\t\t<\/div>\n\t\t<\/section>\n\t\t\t\t<section class=\"elementor-section elementor-top-section elementor-element elementor-element-62fd3fc8 elementor-section-boxed elementor-section-height-default elementor-section-height-default\" data-id=\"62fd3fc8\" data-element_type=\"section\">\n\t\t\t\t\t\t<div class=\"elementor-container elementor-column-gap-default\">\n\t\t\t\t\t<div class=\"elementor-column elementor-col-50 elementor-top-column elementor-element elementor-element-5784e880\" data-id=\"5784e880\" data-element_type=\"column\">\n\t\t\t<div class=\"elementor-widget-wrap elementor-element-populated\">\n\t\t\t\t\t\t<div class=\"elementor-element elementor-element-3827e925 elementor-widget elementor-widget-image\" data-id=\"3827e925\" data-element_type=\"widget\" data-widget_type=\"image.default\">\n\t\t\t\t<div class=\"elementor-widget-container\">\n\t\t\t\t\t\t\t\t\t\t\t\t\t\t\t\t<a href=\"https:\/\/apps.apple.com\/ai\/app\/easyfairs-schweiz\/id6747433191\" target=\"_blank\">\n\t\t\t\t\t\t\t<img decoding=\"async\" src=\"https:\/\/easyfairsassets.com\/sites\/95\/2019\/11\/Download-on-the-App-Store-button.png\" title=\"\" alt=\"\" loading=\"lazy\" \/>\t\t\t\t\t\t\t\t<\/a>\n\t\t\t\t\t\t\t\t\t\t\t\t\t\t\t<\/div>\n\t\t\t\t<\/div>\n\t\t\t\t\t<\/div>\n\t\t<\/div>\n\t\t\t\t<div class=\"elementor-column elementor-col-50 elementor-top-column elementor-element elementor-element-609a4d53\" data-id=\"609a4d53\" data-element_type=\"column\">\n\t\t\t<div class=\"elementor-widget-wrap elementor-element-populated\">\n\t\t\t\t\t\t<div class=\"elementor-element elementor-element-6a3268eb elementor-widget elementor-widget-image\" data-id=\"6a3268eb\" data-element_type=\"widget\" data-widget_type=\"image.default\">\n\t\t\t\t<div class=\"elementor-widget-container\">\n\t\t\t\t\t\t\t\t\t\t\t\t\t\t\t\t<a href=\"https:\/\/play.google.com\/store\/apps\/details?id=events.grip.efschweiz1117&#038;pcampaignid=web_share\" target=\"_blank\">\n\t\t\t\t\t\t\t<img decoding=\"async\" src=\"https:\/\/easyfairsassets.com\/sites\/95\/2019\/11\/Get_it_on_Google_play.png\" title=\"\" alt=\"\" loading=\"lazy\" \/>\t\t\t\t\t\t\t\t<\/a>\n\t\t\t\t\t\t\t\t\t\t\t\t\t\t\t<\/div>\n\t\t\t\t<\/div>\n\t\t\t\t\t<\/div>\n\t\t<\/div>\n\t\t\t\t\t<\/div>\n\t\t<\/section>\n\t\t\t\t<\/div>\n\t\t","protected":false},"excerpt":{"rendered":"<p>Entdecken Sie unsere neue Messe App, die Ihre Sichtbarkeit vor, w\u00e4hrend und nach der Messe erh\u00f6ht und Ihnen dabei hilft, zus\u00e4tzliche Leads zu generieren. Maximieren Sie Ihr Messeerlebnis und steigern Sie Ihren Erfolg mit innovativen Funktionen!<\/p>\n","protected":false},"author":1430,"featured_media":0,"parent":0,"menu_order":0,"comment_status":"closed","ping_status":"closed","template":"","meta":{"_seopress_robots_primary_cat":"","_seopress_titles_title":"Empack App - Exhibitor","_seopress_titles_desc":"Connect effortlessly with exhibitors, speakers &amp; visitors relevant to you. View the exhibition plan and programme and thus optimise your exhibition visit!","_seopress_robots_index":"","footnotes":""},"class_list":["post-163272","page","type-page","status-publish","hentry"],"_links":{"self":[{"href":"https:\/\/www.empack-schweiz.ch\/de\/wp-json\/wp\/v2\/pages\/163272","targetHints":{"allow":["GET"]}}],"collection":[{"href":"https:\/\/www.empack-schweiz.ch\/de\/wp-json\/wp\/v2\/pages"}],"about":[{"href":"https:\/\/www.empack-schweiz.ch\/de\/wp-json\/wp\/v2\/types\/page"}],"author":[{"embeddable":true,"href":"https:\/\/www.empack-schweiz.ch\/de\/wp-json\/wp\/v2\/users\/1430"}],"replies":[{"embeddable":true,"href":"https:\/\/www.empack-schweiz.ch\/de\/wp-json\/wp\/v2\/comments?post=163272"}],"version-history":[{"count":5,"href":"https:\/\/www.empack-schweiz.ch\/de\/wp-json\/wp\/v2\/pages\/163272\/revisions"}],"predecessor-version":[{"id":185496,"href":"https:\/\/www.empack-schweiz.ch\/de\/wp-json\/wp\/v2\/pages\/163272\/revisions\/185496"}],"wp:attachment":[{"href":"https:\/\/www.empack-schweiz.ch\/de\/wp-json\/wp\/v2\/media?parent=163272"}],"curies":[{"name":"wp","href":"https:\/\/api.w.org\/{rel}","templated":true}]}}