{"id":17445,"date":"2021-11-11T23:28:55","date_gmt":"2021-11-11T22:28:55","guid":{"rendered":"https:\/\/www.empack-schweiz.ch\/touch-collect\/"},"modified":"2024-08-23T13:36:59","modified_gmt":"2024-08-23T11:36:59","slug":"touch-collect","status":"publish","type":"page","link":"https:\/\/www.empack-schweiz.ch\/fr\/touch-collect\/","title":{"rendered":"Touch &amp; Collect"},"content":{"rendered":"\t\t<div data-elementor-type=\"wp-post\" data-elementor-id=\"17445\" class=\"elementor elementor-17445 elementor-1553\" data-elementor-post-type=\"page\">\n\t\t\t\t\t\t<section class=\"elementor-section elementor-top-section elementor-element elementor-element-72bcdcb0 elementor-section-content-middle elementor-section-full_width elementor-section-height-default elementor-section-height-default\" data-id=\"72bcdcb0\" data-element_type=\"section\">\n\t\t\t\t\t\t<div class=\"elementor-container elementor-column-gap-no\">\n\t\t\t\t\t<div class=\"elementor-column elementor-col-50 elementor-top-column elementor-element elementor-element-1d3d050d\" data-id=\"1d3d050d\" data-element_type=\"column\" data-settings=\"{&quot;background_background&quot;:&quot;classic&quot;}\">\n\t\t\t<div class=\"elementor-widget-wrap elementor-element-populated\">\n\t\t\t\t\t\t<div class=\"elementor-element elementor-element-761c94f0 elementor-widget elementor-widget-spacer\" data-id=\"761c94f0\" data-element_type=\"widget\" data-widget_type=\"spacer.default\">\n\t\t\t\t<div class=\"elementor-widget-container\">\n\t\t\t\t\t\t\t<div class=\"elementor-spacer\">\n\t\t\t<div class=\"elementor-spacer-inner\"><\/div>\n\t\t<\/div>\n\t\t\t\t\t\t<\/div>\n\t\t\t\t<\/div>\n\t\t\t\t\t<\/div>\n\t\t<\/div>\n\t\t\t\t<div class=\"elementor-column elementor-col-50 elementor-top-column elementor-element elementor-element-42014e44\" data-id=\"42014e44\" data-element_type=\"column\" data-settings=\"{&quot;background_background&quot;:&quot;classic&quot;}\">\n\t\t\t<div class=\"elementor-widget-wrap elementor-element-populated\">\n\t\t\t\t\t\t<div class=\"elementor-element elementor-element-7e81eb3 elementor-widget elementor-widget-heading\" data-id=\"7e81eb3\" data-element_type=\"widget\" data-widget_type=\"heading.default\">\n\t\t\t\t<div class=\"elementor-widget-container\">\n\t\t\t\t\t<h5 class=\"elementor-heading-title elementor-size-default\">Smart Badge Technologie <u>pour les exposants<\/u> <\/h5>\t\t\t\t<\/div>\n\t\t\t\t<\/div>\n\t\t\t\t<div class=\"elementor-element elementor-element-548d39dd elementor-widget elementor-widget-heading\" data-id=\"548d39dd\" data-element_type=\"widget\" data-widget_type=\"heading.default\">\n\t\t\t\t<div class=\"elementor-widget-container\">\n\t\t\t\t\t<h2 class=\"elementor-heading-title elementor-size-default\">Faites de vos visiteurs des <u>contacts hautement qualifi\u00e9s !<\/u><\/h2>\t\t\t\t<\/div>\n\t\t\t\t<\/div>\n\t\t\t\t<div class=\"elementor-element elementor-element-6b52c07b elementor-widget elementor-widget-text-editor\" data-id=\"6b52c07b\" data-element_type=\"widget\" data-widget_type=\"text-editor.default\">\n\t\t\t\t<div class=\"elementor-widget-container\">\n\t\t\t\t\t\t\t\t\t<p>dans le cadre de votre package EasyGo, tous les exposants re\u00e7oivent un lecteur NFC afin d&rsquo;am\u00e9liorer l&rsquo;impression g\u00e9n\u00e9rale des visiteurs. Le lecteur sans fil install\u00e9 sur votre stand transmet num\u00e9riquement aux visiteurs les informations sur vos produits et votre entreprise que vous avez t\u00e9l\u00e9charg\u00e9es dans votre compte My Easyfairs.<\/p>\n\t\t\t\t\t\t\t\t<\/div>\n\t\t\t\t<\/div>\n\t\t\t\t<div class=\"elementor-element elementor-element-d900b33 elementor-widget elementor-widget-button\" data-id=\"d900b33\" data-element_type=\"widget\" data-widget_type=\"button.default\">\n\t\t\t\t<div class=\"elementor-widget-container\">\n\t\t\t\t\t\t\t\t\t<div class=\"elementor-button-wrapper\">\n\t\t\t\t\t<a class=\"elementor-button elementor-button-link elementor-size-sm\" href=\"#content\">\n\t\t\t\t\t\t<span class=\"elementor-button-content-wrapper\">\n\t\t\t\t\t\t<span class=\"elementor-button-icon\">\n\t\t\t\t<i aria-hidden=\"true\" class=\"fas fa-arrow-right\"><\/i>\t\t\t<\/span>\n\t\t\t\t\t\t\t\t\t<span class=\"elementor-button-text\">lire plus<\/span>\n\t\t\t\t\t<\/span>\n\t\t\t\t\t<\/a>\n\t\t\t\t<\/div>\n\t\t\t\t\t\t\t\t<\/div>\n\t\t\t\t<\/div>\n\t\t\t\t\t<\/div>\n\t\t<\/div>\n\t\t\t\t\t<\/div>\n\t\t<\/section>\n\t\t\t\t<section class=\"elementor-section elementor-top-section elementor-element elementor-element-5509251 elementor-section-boxed elementor-section-height-default elementor-section-height-default\" data-id=\"5509251\" data-element_type=\"section\" id=\"content\">\n\t\t\t\t\t\t<div class=\"elementor-container elementor-column-gap-no\">\n\t\t\t\t\t<div class=\"elementor-column elementor-col-100 elementor-top-column elementor-element elementor-element-fefec8b\" data-id=\"fefec8b\" data-element_type=\"column\">\n\t\t\t<div class=\"elementor-widget-wrap elementor-element-populated\">\n\t\t\t\t\t\t<div class=\"elementor-element elementor-element-f30ad1f elementor-widget elementor-widget-heading\" data-id=\"f30ad1f\" data-element_type=\"widget\" data-widget_type=\"heading.default\">\n\t\t\t\t<div class=\"elementor-widget-container\">\n\t\t\t\t\t<h2 class=\"elementor-heading-title elementor-size-default\">Informations pour les exposants<\/h2>\t\t\t\t<\/div>\n\t\t\t\t<\/div>\n\t\t\t\t<div class=\"elementor-element elementor-element-ec758ab elementor-widget elementor-widget-text-editor\" data-id=\"ec758ab\" data-element_type=\"widget\" data-widget_type=\"text-editor.default\">\n\t\t\t\t<div class=\"elementor-widget-container\">\n\t\t\t\t\t\t\t\t\t<p><strong>COMMENT CELA FONCTIONNE-T-IL ?<\/strong><br \/>\nD\u00e8s que les visiteurs touchent votre lecteur avec leur badge visiteur, ils collectent toutes les informations sur votre entreprise et vos produits que vous avez t\u00e9l\u00e9charg\u00e9es dans votre compte My Easyfairs. \u00c0 la fin de la journ\u00e9e de salon, les visiteurs re\u00e7oivent ces informations par e-mail sous forme de r\u00e9sum\u00e9 du salon.<\/p>\n<p>Si vous utilisez GoLeads, GoPlus ou GoPremium, vous recevez les donn\u00e9es des visiteurs qui ont touch\u00e9 votre lecteur. Vous pouvez les t\u00e9l\u00e9charger dans MyEasyfairs.<\/p>\n<p>Seulement GoVisibility ? Vos visiteurs ont re\u00e7u vos informations via votre lecteur. Pour que vous puissiez recevoir les donn\u00e9es de vos visiteurs, vous devez \u00e9tendre votre package \u00e0 GoPlus.<\/p>\n<p><strong>QUE DEVEZ-VOUS FAIRE POUR CELA AVANT LE SALON ?<\/strong><br \/>\nAssurez-vous que le profil de votre entreprise est \u00e0 jour dans votre compte My Easyfairs (coordonn\u00e9es de l&rsquo;entreprise, produits et informations de contact). Le visiteur re\u00e7oit ces informations sous forme num\u00e9rique apr\u00e8s avoir touch\u00e9 votre lecteur sur le stand avec son badge.<\/p>\n<p><strong>QUE DEVEZ-VOUS FAIRE POUR CELA SUR LE SALON ?<\/strong><br \/>\nLe jour du montage, vous recevez le lecteur pr\u00eat \u00e0 l&#8217;emploi sur un support standardis\u00e9 sur votre stand.<\/p>\n<p>Vous pouvez le positionner comme vous le souhaitez.<\/p>\n<p>\u00c0 la fin du salon, les lecteurs sont r\u00e9cup\u00e9r\u00e9s par notre \u00e9quipe.<\/p>\n<p>Veillez \u00e0 ce que le support avec le lecteur soit pr\u00e9sent sur votre stand le premier jour du salon. Si ce n&rsquo;est pas le cas, veuillez contacter imm\u00e9diatement l&rsquo;\u00e9quipe du salon, car le pr\u00e9sentoir et le lecteur font partie de votre abonnement.<\/p>\n\t\t\t\t\t\t\t\t<\/div>\n\t\t\t\t<\/div>\n\t\t\t\t<div class=\"elementor-element elementor-element-0c648f0 elementor-widget elementor-widget-heading\" data-id=\"0c648f0\" data-element_type=\"widget\" data-widget_type=\"heading.default\">\n\t\t\t\t<div class=\"elementor-widget-container\">\n\t\t\t\t\t<h2 class=\"elementor-heading-title elementor-size-default\">Avantages pour les exposants<\/h2>\t\t\t\t<\/div>\n\t\t\t\t<\/div>\n\t\t\t\t<div class=\"elementor-element elementor-element-dddb453 elementor-widget elementor-widget-text-editor\" data-id=\"dddb453\" data-element_type=\"widget\" data-widget_type=\"text-editor.default\">\n\t\t\t\t<div class=\"elementor-widget-container\">\n\t\t\t\t\t\t\t\t\t<p><strong>VOUS TRANSMETTEZ VOS INFORMATIONS D&rsquo;ENTREPRISE RAPIDEMENT ET FACILEMENT<\/strong><br \/>\nLes visiteurs re\u00e7oivent les informations sur votre entreprise et vos produits par e-mail &#8211; tout simplement en touchant le lecteur avec leur badge de visiteur. M\u00eame les visiteurs avec lesquels vous n&rsquo;avez pas eu de contact personnel peuvent ainsi demander des informations sur vous.<\/p>\n<p><strong>VOUS \u00c9VITEZ LES CO\u00dbTS ET PR\u00c9SERVEZ LES RESSOURCES<\/strong><br \/>\nSi vous mettez \u00e0 disposition les informations sur votre entreprise et vos produits sous forme num\u00e9rique, vous avez besoin de moins de brochures, catalogues ou autres imprim\u00e9s. Vous \u00e9conomisez ainsi des co\u00fbts de production et de transport. De plus, les visiteurs accumulent moins de mat\u00e9riel sur le salon, ce qui r\u00e9duit le risque de \u00ab\u00a0perdre\u00a0\u00bb des documents importants.<\/p>\n<p><strong>VOUS OFFREZ \u00c0 VOS VISITEURS UNE COMMUNICATION INTERACTIVE MODERNE<\/strong><br \/>\nLes visiteurs qui touchent votre lecteur avec leur badge re\u00e7oivent vos informations sous forme num\u00e9rique. Ils peuvent ainsi les partager facilement avec leurs coll\u00e8gues et amis par e-mail ou sur les r\u00e9seaux sociaux.<\/p>\n<p><strong>VOUS FACILITEZ LA GESTION DE VOTRE SUIVI DE SALON<\/strong><br \/>\nVous recevez une liste \u00e9lectronique de tous les visiteurs qui ont demand\u00e9 vos informations. Vous n&rsquo;avez plus besoin d&rsquo;importer des cartes de visite ou des fiches de contact, ce qui prend beaucoup de temps.<\/p>\n\t\t\t\t\t\t\t\t<\/div>\n\t\t\t\t<\/div>\n\t\t\t\t\t<\/div>\n\t\t<\/div>\n\t\t\t\t\t<\/div>\n\t\t<\/section>\n\t\t\t\t<section class=\"elementor-section elementor-top-section elementor-element elementor-element-122d850 elementor-section-full_width elementor-section-height-default elementor-section-height-default\" data-id=\"122d850\" data-element_type=\"section\" data-settings=\"{&quot;background_background&quot;:&quot;classic&quot;}\">\n\t\t\t\t\t\t<div class=\"elementor-container elementor-column-gap-no\">\n\t\t\t\t\t<div class=\"elementor-column elementor-col-100 elementor-top-column elementor-element elementor-element-fcb7554\" data-id=\"fcb7554\" data-element_type=\"column\">\n\t\t\t<div class=\"elementor-widget-wrap elementor-element-populated\">\n\t\t\t\t\t\t<div class=\"elementor-element elementor-element-b78d6ea elementor-widget elementor-widget-text-editor\" data-id=\"b78d6ea\" data-element_type=\"widget\" data-widget_type=\"text-editor.default\">\n\t\t\t\t<div class=\"elementor-widget-container\">\n\t\t\t\t\t\t\t\t\t<p>\t\t<div data-elementor-type=\"section\" data-elementor-id=\"100828\" class=\"elementor elementor-100828 elementor-12907\" data-elementor-post-type=\"elementor_library\">\n\t\t\t\t\t<section class=\"elementor-section elementor-top-section elementor-element elementor-element-7361b0c7 elementor-section-full_width elementor-hidden-tablet elementor-section-height-default elementor-section-height-default\" data-id=\"7361b0c7\" data-element_type=\"section\" data-settings=\"{&quot;background_background&quot;:&quot;classic&quot;}\">\n\t\t\t\t\t\t<div class=\"elementor-container elementor-column-gap-no\">\n\t\t\t\t\t<div class=\"elementor-column elementor-col-100 elementor-top-column elementor-element elementor-element-15122c52\" data-id=\"15122c52\" data-element_type=\"column\">\n\t\t\t<div class=\"elementor-widget-wrap elementor-element-populated\">\n\t\t\t\t\t\t<section class=\"elementor-section elementor-inner-section elementor-element elementor-element-5fc0f85c elementor-section-boxed elementor-section-height-default elementor-section-height-default\" data-id=\"5fc0f85c\" data-element_type=\"section\">\n\t\t\t\t\t\t<div class=\"elementor-container elementor-column-gap-default\">\n\t\t\t\t\t<div class=\"elementor-column elementor-col-25 elementor-inner-column elementor-element elementor-element-4ca89309\" data-id=\"4ca89309\" data-element_type=\"column\">\n\t\t\t<div class=\"elementor-widget-wrap elementor-element-populated\">\n\t\t\t\t\t\t<div class=\"elementor-element elementor-element-7e74a54 elementor-widget elementor-widget-text-editor\" data-id=\"7e74a54\" data-element_type=\"widget\" data-widget_type=\"text-editor.default\">\n\t\t\t\t<div class=\"elementor-widget-container\">\n\t\t\t\t\t\t\t\t\t<p><strong>EMPACK<\/strong><\/p>\n<p><strong>Lieu de l&rsquo;\u00e9v\u00e9nement :<\/strong><br \/>Messe Z\u00fcrich<br \/>Wallisellenstrasse 49<br \/>CH-8050 Z\u00fcrich<\/p>\n\t\t\t\t\t\t\t\t<\/div>\n\t\t\t\t<\/div>\n\t\t\t\t<div class=\"elementor-element elementor-element-5affdb29 elementor-widget elementor-widget-image\" data-id=\"5affdb29\" data-element_type=\"widget\" data-widget_type=\"image.default\">\n\t\t\t\t<div class=\"elementor-widget-container\">\n\t\t\t\t\t\t\t\t\t\t\t\t\t\t\t\t<a href=\"https:\/\/www.easyfairs.com\/\" target=\"_blank\">\n\t\t\t\t\t\t\t<img decoding=\"async\" src=\"https:\/\/easyfairsassets.com\/sites\/95\/2021\/02\/by-Easyfairs_2018_text_72ppi_white.png\" title=\"\" alt=\"\" loading=\"lazy\" \/>\t\t\t\t\t\t\t\t<\/a>\n\t\t\t\t\t\t\t\t\t\t\t\t\t\t\t<\/div>\n\t\t\t\t<\/div>\n\t\t\t\t\t<\/div>\n\t\t<\/div>\n\t\t\t\t<div class=\"elementor-column elementor-col-25 elementor-inner-column elementor-element elementor-element-76764aab\" data-id=\"76764aab\" data-element_type=\"column\">\n\t\t\t<div class=\"elementor-widget-wrap elementor-element-populated\">\n\t\t\t\t\t\t<div class=\"elementor-element elementor-element-a03d034 elementor-widget elementor-widget-text-editor\" data-id=\"a03d034\" data-element_type=\"widget\" data-widget_type=\"text-editor.default\">\n\t\t\t\t<div class=\"elementor-widget-container\">\n\t\t\t\t\t\t\t\t\t<p><strong>EMPACK<\/strong><\/p>\n<p>Heures d&rsquo;ouverture :<br \/>Mercredi, 27 janvier 2027<br \/>09:00 &#8211; 17:00 heures<br \/>Jeudi, 28 janvier 2027<br \/>09:00 &#8211; 16:00 heures<\/p>\n\t\t\t\t\t\t\t\t<\/div>\n\t\t\t\t<\/div>\n\t\t\t\t\t<\/div>\n\t\t<\/div>\n\t\t\t\t<div class=\"elementor-column elementor-col-25 elementor-inner-column elementor-element elementor-element-5f792f0c\" data-id=\"5f792f0c\" data-element_type=\"column\">\n\t\t\t<div class=\"elementor-widget-wrap elementor-element-populated\">\n\t\t\t\t\t\t<div class=\"elementor-element elementor-element-4890997 elementor-widget elementor-widget-image\" data-id=\"4890997\" data-element_type=\"widget\" data-widget_type=\"image.default\">\n\t\t\t\t<div class=\"elementor-widget-container\">\n\t\t\t\t\t\t\t\t\t\t\t\t\t\t\t\t<a href=\"https:\/\/www.logistics-automation.ch\/de\/\" target=\"_blank\">\n\t\t\t\t\t\t\t<img fetchpriority=\"high\" decoding=\"async\" width=\"313\" height=\"197\" src=\"https:\/\/easyfairsassets.com\/sites\/95\/2021\/02\/Co-located-with-LA_transparent.png\" class=\"attachment-large size-large wp-image-12196\" alt=\"\" srcset=\"https:\/\/easyfairsassets.com\/sites\/95\/2021\/02\/Co-located-with-LA_transparent.png 313w, https:\/\/easyfairsassets.com\/sites\/95\/2021\/02\/Co-located-with-LA_transparent-300x189.png 300w\" sizes=\"(max-width: 313px) 100vw, 313px\" \/>\t\t\t\t\t\t\t\t<\/a>\n\t\t\t\t\t\t\t\t\t\t\t\t\t\t\t<\/div>\n\t\t\t\t<\/div>\n\t\t\t\t<div class=\"elementor-element elementor-element-d4e39a8 elementor-shape-square e-grid-align-mobile-left e-grid-align-tablet-center e-grid-align-left elementor-grid-0 elementor-widget elementor-widget-social-icons\" data-id=\"d4e39a8\" data-element_type=\"widget\" data-widget_type=\"social-icons.default\">\n\t\t\t\t<div class=\"elementor-widget-container\">\n\t\t\t\t\t\t\t<div class=\"elementor-social-icons-wrapper elementor-grid\" role=\"list\">\n\t\t\t\t\t\t\t<span class=\"elementor-grid-item\" role=\"listitem\">\n\t\t\t\t\t<a class=\"elementor-icon elementor-social-icon elementor-social-icon-xing elementor-animation-grow elementor-repeater-item-0a0cdda\" href=\"https:\/\/www.xing.com\/communities\/groups\/empack-und-packaging-innovations-2019-68d4-1092587\/posts\" target=\"_blank\">\n\t\t\t\t\t\t<span class=\"elementor-screen-only\">Xing<\/span>\n\t\t\t\t\t\t<i aria-hidden=\"true\" class=\"fab fa-xing\"><\/i>\t\t\t\t\t<\/a>\n\t\t\t\t<\/span>\n\t\t\t\t\t\t\t<span class=\"elementor-grid-item\" role=\"listitem\">\n\t\t\t\t\t<a class=\"elementor-icon elementor-social-icon elementor-social-icon-linkedin-in elementor-animation-grow elementor-repeater-item-d1b2e34\" href=\"https:\/\/www.linkedin.com\/showcase\/verpackungsmessen-schweiz\" target=\"_blank\">\n\t\t\t\t\t\t<span class=\"elementor-screen-only\">Linkedin-in<\/span>\n\t\t\t\t\t\t<i aria-hidden=\"true\" class=\"fab fa-linkedin-in\"><\/i>\t\t\t\t\t<\/a>\n\t\t\t\t<\/span>\n\t\t\t\t\t\t\t<span class=\"elementor-grid-item\" role=\"listitem\">\n\t\t\t\t\t<a class=\"elementor-icon elementor-social-icon elementor-social-icon-twitter elementor-animation-grow elementor-repeater-item-4b56288\" href=\"https:\/\/twitter.com\/verpackung_CH\" target=\"_blank\">\n\t\t\t\t\t\t<span class=\"elementor-screen-only\">Twitter<\/span>\n\t\t\t\t\t\t<i aria-hidden=\"true\" class=\"fab fa-twitter\"><\/i>\t\t\t\t\t<\/a>\n\t\t\t\t<\/span>\n\t\t\t\t\t\t\t<span class=\"elementor-grid-item\" role=\"listitem\">\n\t\t\t\t\t<a class=\"elementor-icon elementor-social-icon elementor-social-icon-youtube elementor-animation-grow elementor-repeater-item-220f212\" href=\"https:\/\/www.youtube.com\/channel\/UCovK9XW5A8NzDRSk7jGo3mw\/videos\" target=\"_blank\">\n\t\t\t\t\t\t<span class=\"elementor-screen-only\">Youtube<\/span>\n\t\t\t\t\t\t<i aria-hidden=\"true\" class=\"fab fa-youtube\"><\/i>\t\t\t\t\t<\/a>\n\t\t\t\t<\/span>\n\t\t\t\t\t<\/div>\n\t\t\t\t\t\t<\/div>\n\t\t\t\t<\/div>\n\t\t\t\t\t<\/div>\n\t\t<\/div>\n\t\t\t\t<div class=\"elementor-column elementor-col-25 elementor-inner-column elementor-element elementor-element-5ce6b890\" data-id=\"5ce6b890\" data-element_type=\"column\">\n\t\t\t<div class=\"elementor-widget-wrap elementor-element-populated\">\n\t\t\t\t\t\t<div class=\"elementor-element elementor-element-46674551 elementor-tablet-align-left elementor-widget elementor-widget-button\" data-id=\"46674551\" data-element_type=\"widget\" data-widget_type=\"button.default\">\n\t\t\t\t<div class=\"elementor-widget-container\">\n\t\t\t\t\t\t\t\t\t<div class=\"elementor-button-wrapper\">\n\t\t\t\t\t<a class=\"elementor-button elementor-button-link elementor-size-sm\" href=\"https:\/\/www.empack-zuerich.ch\/de\/kontakt-2\/\" target=\"_blank\">\n\t\t\t\t\t\t<span class=\"elementor-button-content-wrapper\">\n\t\t\t\t\t\t<span class=\"elementor-button-icon\">\n\t\t\t\t<i aria-hidden=\"true\" class=\"fas fa-arrow-right\"><\/i>\t\t\t<\/span>\n\t\t\t\t\t\t\t\t\t<span class=\"elementor-button-text\">Contacter l&rsquo;\u00e9quipe du salon<\/span>\n\t\t\t\t\t<\/span>\n\t\t\t\t\t<\/a>\n\t\t\t\t<\/div>\n\t\t\t\t\t\t\t\t<\/div>\n\t\t\t\t<\/div>\n\t\t\t\t<div class=\"elementor-element elementor-element-eb955f5 elementor-widget elementor-widget-button\" data-id=\"eb955f5\" data-element_type=\"widget\" data-widget_type=\"button.default\">\n\t\t\t\t<div class=\"elementor-widget-container\">\n\t\t\t\t\t\t\t\t\t<div class=\"elementor-button-wrapper\">\n\t\t\t\t\t<a class=\"elementor-button elementor-button-link elementor-size-sm\" href=\"mailto:kristina.nadjarian@easyfairs.com\" target=\"_blank\">\n\t\t\t\t\t\t<span class=\"elementor-button-content-wrapper\">\n\t\t\t\t\t\t<span class=\"elementor-button-icon\">\n\t\t\t\t<i aria-hidden=\"true\" class=\"fas fa-arrow-right\"><\/i>\t\t\t<\/span>\n\t\t\t\t\t\t\t\t\t<span class=\"elementor-button-text\">Contacter les visiteurs et les associations<\/span>\n\t\t\t\t\t<\/span>\n\t\t\t\t\t<\/a>\n\t\t\t\t<\/div>\n\t\t\t\t\t\t\t\t<\/div>\n\t\t\t\t<\/div>\n\t\t\t\t<div class=\"elementor-element elementor-element-ab5dd24 elementor-widget elementor-widget-button\" data-id=\"ab5dd24\" data-element_type=\"widget\" data-widget_type=\"button.default\">\n\t\t\t\t<div class=\"elementor-widget-container\">\n\t\t\t\t\t\t\t\t\t<div class=\"elementor-button-wrapper\">\n\t\t\t\t\t<a class=\"elementor-button elementor-button-link elementor-size-sm\" href=\"mailto:michel.zoia@easyfairs.com\" target=\"_blank\">\n\t\t\t\t\t\t<span class=\"elementor-button-content-wrapper\">\n\t\t\t\t\t\t<span class=\"elementor-button-icon\">\n\t\t\t\t<i aria-hidden=\"true\" class=\"fas fa-arrow-right\"><\/i>\t\t\t<\/span>\n\t\t\t\t\t\t\t\t\t<span class=\"elementor-button-text\">Contacter l&rsquo;exposant<\/span>\n\t\t\t\t\t<\/span>\n\t\t\t\t\t<\/a>\n\t\t\t\t<\/div>\n\t\t\t\t\t\t\t\t<\/div>\n\t\t\t\t<\/div>\n\t\t\t\t<div class=\"elementor-element elementor-element-4e391503 elementor-widget elementor-widget-button\" data-id=\"4e391503\" data-element_type=\"widget\" data-widget_type=\"button.default\">\n\t\t\t\t<div class=\"elementor-widget-container\">\n\t\t\t\t\t\t\t\t\t<div class=\"elementor-button-wrapper\">\n\t\t\t\t\t<a class=\"elementor-button elementor-button-link elementor-size-sm\" href=\"mailto:sarah.tschopp@easyfairs.com\" target=\"_blank\">\n\t\t\t\t\t\t<span class=\"elementor-button-content-wrapper\">\n\t\t\t\t\t\t<span class=\"elementor-button-icon\">\n\t\t\t\t<i aria-hidden=\"true\" class=\"fas fa-arrow-right\"><\/i>\t\t\t<\/span>\n\t\t\t\t\t\t\t\t\t<span class=\"elementor-button-text\">Contact Presse<\/span>\n\t\t\t\t\t<\/span>\n\t\t\t\t\t<\/a>\n\t\t\t\t<\/div>\n\t\t\t\t\t\t\t\t<\/div>\n\t\t\t\t<\/div>\n\t\t\t\t\t<\/div>\n\t\t<\/div>\n\t\t\t\t\t<\/div>\n\t\t<\/section>\n\t\t\t\t\t<\/div>\n\t\t<\/div>\n\t\t\t\t\t<\/div>\n\t\t<\/section>\n\t\t\t\t<\/div>\n\t\t<\/p>\n\t\t\t\t\t\t\t\t<\/div>\n\t\t\t\t<\/div>\n\t\t\t\t\t<\/div>\n\t\t<\/div>\n\t\t\t\t\t<\/div>\n\t\t<\/section>\n\t\t\t\t<\/div>\n\t\t","protected":false},"excerpt":{"rendered":"<p>Smart Badge Technologie pour les exposants Faites de vos visiteurs des contacts hautement qualifi\u00e9s ! dans le cadre de votre package EasyGo, tous les exposants re\u00e7oivent un lecteur NFC afin d&rsquo;am\u00e9liorer l&rsquo;impression g\u00e9n\u00e9rale des visiteurs. Le lecteur sans fil install\u00e9 sur votre stand transmet num\u00e9riquement aux visiteurs les informations sur vos produits et votre entreprise [&hellip;]<\/p>\n","protected":false},"author":1,"featured_media":0,"parent":0,"menu_order":0,"comment_status":"closed","ping_status":"closed","template":"","meta":{"_seopress_robots_primary_cat":"","_seopress_titles_title":"Technologie des badges intelligents pour les exposants","_seopress_titles_desc":"Le rendez-vous de l'industrie de l'emballage aura lieu les 24 et 25 janvier 2024 \u00e0 BERNEXPO","_seopress_robots_index":"","footnotes":""},"class_list":["post-17445","page","type-page","status-publish","hentry"],"_links":{"self":[{"href":"https:\/\/www.empack-schweiz.ch\/fr\/wp-json\/wp\/v2\/pages\/17445","targetHints":{"allow":["GET"]}}],"collection":[{"href":"https:\/\/www.empack-schweiz.ch\/fr\/wp-json\/wp\/v2\/pages"}],"about":[{"href":"https:\/\/www.empack-schweiz.ch\/fr\/wp-json\/wp\/v2\/types\/page"}],"author":[{"embeddable":true,"href":"https:\/\/www.empack-schweiz.ch\/fr\/wp-json\/wp\/v2\/users\/1"}],"replies":[{"embeddable":true,"href":"https:\/\/www.empack-schweiz.ch\/fr\/wp-json\/wp\/v2\/comments?post=17445"}],"version-history":[{"count":5,"href":"https:\/\/www.empack-schweiz.ch\/fr\/wp-json\/wp\/v2\/pages\/17445\/revisions"}],"predecessor-version":[{"id":127227,"href":"https:\/\/www.empack-schweiz.ch\/fr\/wp-json\/wp\/v2\/pages\/17445\/revisions\/127227"}],"wp:attachment":[{"href":"https:\/\/www.empack-schweiz.ch\/fr\/wp-json\/wp\/v2\/media?parent=17445"}],"curies":[{"name":"wp","href":"https:\/\/api.w.org\/{rel}","templated":true}]}}