{"id":17668,"date":"2021-11-18T22:53:54","date_gmt":"2021-11-18T21:53:54","guid":{"rendered":"https:\/\/www.empack-schweiz.ch\/touch-amp-collect-pour-les-visiteurs\/"},"modified":"2024-08-23T13:37:43","modified_gmt":"2024-08-23T11:37:43","slug":"touch-amp-collect-pour-les-visiteurs","status":"publish","type":"page","link":"https:\/\/www.empack-schweiz.ch\/fr\/touch-amp-collect-pour-les-visiteurs\/","title":{"rendered":"Touch &#038;amp ; Collect pour les visiteurs"},"content":{"rendered":"\t\t<div data-elementor-type=\"wp-post\" data-elementor-id=\"17668\" class=\"elementor elementor-17668 elementor-1782\" data-elementor-post-type=\"page\">\n\t\t\t\t\t\t<section class=\"elementor-section elementor-top-section elementor-element elementor-element-35ac12ef elementor-section-content-middle elementor-section-full_width elementor-section-height-default elementor-section-height-default\" data-id=\"35ac12ef\" data-element_type=\"section\">\n\t\t\t\t\t\t<div class=\"elementor-container elementor-column-gap-no\">\n\t\t\t\t\t<div class=\"elementor-column elementor-col-50 elementor-top-column elementor-element elementor-element-5bea62f0\" data-id=\"5bea62f0\" data-element_type=\"column\" data-settings=\"{&quot;background_background&quot;:&quot;classic&quot;}\">\n\t\t\t<div class=\"elementor-widget-wrap elementor-element-populated\">\n\t\t\t\t\t\t<div class=\"elementor-element elementor-element-6a296e2 elementor-widget elementor-widget-spacer\" data-id=\"6a296e2\" data-element_type=\"widget\" data-widget_type=\"spacer.default\">\n\t\t\t\t<div class=\"elementor-widget-container\">\n\t\t\t\t\t\t\t<div class=\"elementor-spacer\">\n\t\t\t<div class=\"elementor-spacer-inner\"><\/div>\n\t\t<\/div>\n\t\t\t\t\t\t<\/div>\n\t\t\t\t<\/div>\n\t\t\t\t\t<\/div>\n\t\t<\/div>\n\t\t\t\t<div class=\"elementor-column elementor-col-50 elementor-top-column elementor-element elementor-element-7fe3a082\" data-id=\"7fe3a082\" data-element_type=\"column\" data-settings=\"{&quot;background_background&quot;:&quot;classic&quot;}\">\n\t\t\t<div class=\"elementor-widget-wrap elementor-element-populated\">\n\t\t\t\t\t\t<div class=\"elementor-element elementor-element-2253e897 elementor-widget elementor-widget-image\" data-id=\"2253e897\" data-element_type=\"widget\" data-widget_type=\"image.default\">\n\t\t\t\t<div class=\"elementor-widget-container\">\n\t\t\t\t\t\t\t\t\t\t\t\t\t\t\t<img decoding=\"async\" src=\"https:\/\/easyfairsassets.com\/sites\/95\/2019\/11\/csm_touch_collect_banner_85b3d4a5f9.png\" title=\"\" alt=\"\" loading=\"lazy\" \/>\t\t\t\t\t\t\t\t\t\t\t\t\t\t\t<\/div>\n\t\t\t\t<\/div>\n\t\t\t\t<div class=\"elementor-element elementor-element-7554cc2d elementor-widget elementor-widget-heading\" data-id=\"7554cc2d\" data-element_type=\"widget\" data-widget_type=\"heading.default\">\n\t\t\t\t<div class=\"elementor-widget-container\">\n\t\t\t\t\t<h5 class=\"elementor-heading-title elementor-size-default\">Qu'est-ce qu'un badge intelligent ?<\/h5>\t\t\t\t<\/div>\n\t\t\t\t<\/div>\n\t\t\t\t<div class=\"elementor-element elementor-element-6b4c14f2 elementor-widget elementor-widget-heading\" data-id=\"6b4c14f2\" data-element_type=\"widget\" data-widget_type=\"heading.default\">\n\t\t\t\t<div class=\"elementor-widget-container\">\n\t\t\t\t\t<h2 class=\"elementor-heading-title elementor-size-default\">Smart Badge Technologie <u>pour les visiteurs<\/u><\/h2>\t\t\t\t<\/div>\n\t\t\t\t<\/div>\n\t\t\t\t<div class=\"elementor-element elementor-element-5a75ffe3 elementor-widget elementor-widget-text-editor\" data-id=\"5a75ffe3\" data-element_type=\"widget\" data-widget_type=\"text-editor.default\">\n\t\t\t\t<div class=\"elementor-widget-container\">\n\t\t\t\t\t\t\t\t\t<p>En r\u00e9sum\u00e9, un badge intelligent est un badge visiteur intelligent. Il permet aux visiteurs et aux exposants d&rsquo;\u00e9changer num\u00e9riquement des donn\u00e9es de contact et des informations.<\/p>\n\t\t\t\t\t\t\t\t<\/div>\n\t\t\t\t<\/div>\n\t\t\t\t<div class=\"elementor-element elementor-element-17f76af2 elementor-hidden-desktop elementor-hidden-tablet elementor-hidden-mobile elementor-widget elementor-widget-button\" data-id=\"17f76af2\" data-element_type=\"widget\" data-widget_type=\"button.default\">\n\t\t\t\t<div class=\"elementor-widget-container\">\n\t\t\t\t\t\t\t\t\t<div class=\"elementor-button-wrapper\">\n\t\t\t\t\t<a class=\"elementor-button elementor-button-link elementor-size-sm\" href=\"#content\">\n\t\t\t\t\t\t<span class=\"elementor-button-content-wrapper\">\n\t\t\t\t\t\t<span class=\"elementor-button-icon\">\n\t\t\t\t<i aria-hidden=\"true\" class=\"fas fa-arrow-right\"><\/i>\t\t\t<\/span>\n\t\t\t\t\t\t\t\t\t<span class=\"elementor-button-text\">lire la suite<\/span>\n\t\t\t\t\t<\/span>\n\t\t\t\t\t<\/a>\n\t\t\t\t<\/div>\n\t\t\t\t\t\t\t\t<\/div>\n\t\t\t\t<\/div>\n\t\t\t\t\t<\/div>\n\t\t<\/div>\n\t\t\t\t\t<\/div>\n\t\t<\/section>\n\t\t\t\t<section class=\"elementor-section elementor-top-section elementor-element elementor-element-24e6ded elementor-section-boxed elementor-section-height-default elementor-section-height-default\" data-id=\"24e6ded\" data-element_type=\"section\" id=\"content\">\n\t\t\t\t\t\t<div class=\"elementor-container elementor-column-gap-no\">\n\t\t\t\t\t<div class=\"elementor-column elementor-col-100 elementor-top-column elementor-element elementor-element-7727e82\" data-id=\"7727e82\" data-element_type=\"column\">\n\t\t\t<div class=\"elementor-widget-wrap elementor-element-populated\">\n\t\t\t\t\t\t<div class=\"elementor-element elementor-element-a51c693 elementor-widget elementor-widget-video\" data-id=\"a51c693\" data-element_type=\"widget\" data-settings=\"{&quot;youtube_url&quot;:&quot;https:\\\/\\\/www.youtube.com\\\/watch?v=UHAlwKCBV-Q&amp;t=2s&quot;,&quot;video_type&quot;:&quot;youtube&quot;,&quot;controls&quot;:&quot;yes&quot;}\" data-widget_type=\"video.default\">\n\t\t\t\t<div class=\"elementor-widget-container\">\n\t\t\t\t\t\t\t<div class=\"elementor-wrapper elementor-open-inline\">\n\t\t\t<div class=\"elementor-video\"><\/div>\t\t<\/div>\n\t\t\t\t\t\t<\/div>\n\t\t\t\t<\/div>\n\t\t\t\t<div class=\"elementor-element elementor-element-bd84197 elementor-widget elementor-widget-heading\" data-id=\"bd84197\" data-element_type=\"widget\" data-widget_type=\"heading.default\">\n\t\t\t\t<div class=\"elementor-widget-container\">\n\t\t\t\t\t<h2 class=\"elementor-heading-title elementor-size-default\">Information sur Touch &amp; Collect<\/h2>\t\t\t\t<\/div>\n\t\t\t\t<\/div>\n\t\t\t\t<div class=\"elementor-element elementor-element-5537b14 elementor-widget elementor-widget-text-editor\" data-id=\"5537b14\" data-element_type=\"widget\" data-widget_type=\"text-editor.default\">\n\t\t\t\t<div class=\"elementor-widget-container\">\n\t\t\t\t\t\t\t\t\t<p><strong>Quelles sont les conditions pr\u00e9alables ?<\/strong><\/p>\n<p>D\u00e8s que vous touchez le lecteur d&rsquo;un exposant sur le stand avec votre badge intelligent, vous collectez des informations num\u00e9riques. \u00c0 la fin de votre journ\u00e9e de visite, vous recevez un e-mail d&rsquo;Easyfairs. Celui-ci contient votre r\u00e9sum\u00e9 du salon : une liste de tous les exposants dont vous avez touch\u00e9 le lecteur. Toutes les donn\u00e9es que ces exposants ont t\u00e9l\u00e9charg\u00e9es dans leur profil en ligne peuvent maintenant \u00eatre consult\u00e9es tr\u00e8s facilement gr\u00e2ce \u00e0 des liens individuels.<br \/>\nEn touchant le lecteur, vous indiquez en m\u00eame temps \u00e0 l&rsquo;exposant concern\u00e9 que vous vous int\u00e9ressez \u00e0 ses produits et qu&rsquo;il peut prendre contact avec vous.<br \/>\nIl y a donc un \u00e9change num\u00e9rique de cartes de visite.<\/p>\n<p>Vous \u00e9vitez des co\u00fbts et pr\u00e9servez les ressources<\/p>\n<p>Dans le cadre de l&rsquo;enregistrement des visiteurs, indiquez simplement vos coordonn\u00e9es. Veillez en particulier \u00e0 saisir correctement votre adresse e-mail. C&rsquo;est la condition de base pour que nous puissions vous envoyer les informations d\u00e9taill\u00e9es sur \u00ab\u00a0vos\u00a0\u00bb exposants \u00e0 la fin de la journ\u00e9e du salon.<\/p>\n<p><strong>Quels sont vos avantages ?<\/strong><\/p>\n<p>Gr\u00e2ce \u00e0 votre badge intelligent, vous pouvez collecter facilement et num\u00e9riquement des informations de tous les exposants.Vous avez acc\u00e8s aux descriptions de produits, aux photos, aux vid\u00e9os et aux offres d&#8217;emploi.Plus besoin de collecter d&rsquo;innombrables prospectus et catalogues.Vous pouvez ensuite partager toutes ces informations avec vos coll\u00e8gues.Si un exposant n&rsquo;est pas pr\u00e9sent sur le stand ou s&rsquo;il est occup\u00e9 par un autre visiteur, vous deviez repasser dans le pass\u00e9. Gr\u00e2ce \u00e0 la technologie des badges intelligents, vous pouvez d\u00e9sormais obtenir des informations directement aupr\u00e8s de l&rsquo;exposant, tout simplement en touchant le lecteur.\u00c0 la fin de votre journ\u00e9e au salon, vous recevrez un e-mail d&rsquo;Easyfairs. Celui-ci contient une liste de tous les exposants chez lesquels vous avez touch\u00e9 le lecteur.Vous disposez ainsi automatiquement d&rsquo;un r\u00e9sum\u00e9 complet de votre journ\u00e9e au salon &#8211; y compris toutes les informations d\u00e9taill\u00e9es sur chaque exposant.<\/p>\n<p><strong>Qu&rsquo;advient-il de vos donn\u00e9es ?<\/strong><\/p>\n<p>Easyfairs ne transmet pas les donn\u00e9es personnelles que vous avez fournies lors de votre inscription. Nous les utilisons uniquement pour vous informer de nos propres manifestations actuelles et \u00e9ventuellement futures.<\/p>\n<p>Ces donn\u00e9es sont transmises aux exposants uniquement si vous touchez le lecteur de l&rsquo;exposant avec votre badge visiteur ou si vous vous \u00eates inscrit via un code ou un lien d&rsquo;invitation d&rsquo;un exposant.Vous nous signalez ainsi, ainsi qu&rsquo;\u00e0 l&rsquo;exposant, que vous \u00eates int\u00e9ress\u00e9 par le fait que l&rsquo;exposant puisse recevoir vos donn\u00e9es pour vous contacter. Si vous ne le souhaitez pas, nous vous prions de ne pas toucher un lecteur avec votre badge ou d&rsquo;utiliser ult\u00e9rieurement l&rsquo;une des possibilit\u00e9s d&rsquo;opt-out.<\/p>\n<p>Easyfairs prend la protection de vos donn\u00e9es personnelles tr\u00e8s au s\u00e9rieux. Pour plus de d\u00e9tails, veuillez jeter un coup d&rsquo;\u0153il \u00e0 notre politique de confidentialit\u00e9 et \u00e0 nos conditions g\u00e9n\u00e9rales.<\/p>\n\t\t\t\t\t\t\t\t<\/div>\n\t\t\t\t<\/div>\n\t\t\t\t\t<\/div>\n\t\t<\/div>\n\t\t\t\t\t<\/div>\n\t\t<\/section>\n\t\t\t\t<section class=\"elementor-section elementor-top-section elementor-element elementor-element-9828ed7 elementor-section-full_width elementor-section-height-default elementor-section-height-default\" data-id=\"9828ed7\" data-element_type=\"section\" data-settings=\"{&quot;background_background&quot;:&quot;classic&quot;}\">\n\t\t\t\t\t\t<div class=\"elementor-container elementor-column-gap-no\">\n\t\t\t\t\t<div class=\"elementor-column elementor-col-100 elementor-top-column elementor-element elementor-element-32a3912\" data-id=\"32a3912\" data-element_type=\"column\">\n\t\t\t<div class=\"elementor-widget-wrap elementor-element-populated\">\n\t\t\t\t\t\t<div class=\"elementor-element elementor-element-841650f elementor-widget elementor-widget-text-editor\" data-id=\"841650f\" data-element_type=\"widget\" data-widget_type=\"text-editor.default\">\n\t\t\t\t<div class=\"elementor-widget-container\">\n\t\t\t\t\t\t\t\t\t<p>\t\t<div data-elementor-type=\"section\" data-elementor-id=\"100828\" class=\"elementor elementor-100828 elementor-12907\" data-elementor-post-type=\"elementor_library\">\n\t\t\t\t\t<section class=\"elementor-section elementor-top-section elementor-element elementor-element-7361b0c7 elementor-section-full_width elementor-hidden-tablet elementor-section-height-default elementor-section-height-default\" data-id=\"7361b0c7\" data-element_type=\"section\" data-settings=\"{&quot;background_background&quot;:&quot;classic&quot;}\">\n\t\t\t\t\t\t<div class=\"elementor-container elementor-column-gap-no\">\n\t\t\t\t\t<div class=\"elementor-column elementor-col-100 elementor-top-column elementor-element elementor-element-15122c52\" data-id=\"15122c52\" data-element_type=\"column\">\n\t\t\t<div class=\"elementor-widget-wrap elementor-element-populated\">\n\t\t\t\t\t\t<section class=\"elementor-section elementor-inner-section elementor-element elementor-element-5fc0f85c elementor-section-boxed elementor-section-height-default elementor-section-height-default\" data-id=\"5fc0f85c\" data-element_type=\"section\">\n\t\t\t\t\t\t<div class=\"elementor-container elementor-column-gap-default\">\n\t\t\t\t\t<div class=\"elementor-column elementor-col-25 elementor-inner-column elementor-element elementor-element-4ca89309\" data-id=\"4ca89309\" data-element_type=\"column\">\n\t\t\t<div class=\"elementor-widget-wrap elementor-element-populated\">\n\t\t\t\t\t\t<div class=\"elementor-element elementor-element-7e74a54 elementor-widget elementor-widget-text-editor\" data-id=\"7e74a54\" data-element_type=\"widget\" data-widget_type=\"text-editor.default\">\n\t\t\t\t<div class=\"elementor-widget-container\">\n\t\t\t\t\t\t\t\t\t<p><strong>EMPACK<\/strong><\/p>\n<p><strong>Lieu de l&rsquo;\u00e9v\u00e9nement :<\/strong><br \/>Messe Z\u00fcrich<br \/>Wallisellenstrasse 49<br \/>CH-8050 Z\u00fcrich<\/p>\n\t\t\t\t\t\t\t\t<\/div>\n\t\t\t\t<\/div>\n\t\t\t\t<div class=\"elementor-element elementor-element-5affdb29 elementor-widget elementor-widget-image\" data-id=\"5affdb29\" data-element_type=\"widget\" data-widget_type=\"image.default\">\n\t\t\t\t<div class=\"elementor-widget-container\">\n\t\t\t\t\t\t\t\t\t\t\t\t\t\t\t\t<a href=\"https:\/\/www.easyfairs.com\/\" target=\"_blank\">\n\t\t\t\t\t\t\t<img decoding=\"async\" src=\"https:\/\/easyfairsassets.com\/sites\/95\/2021\/02\/by-Easyfairs_2018_text_72ppi_white.png\" title=\"\" alt=\"\" loading=\"lazy\" \/>\t\t\t\t\t\t\t\t<\/a>\n\t\t\t\t\t\t\t\t\t\t\t\t\t\t\t<\/div>\n\t\t\t\t<\/div>\n\t\t\t\t\t<\/div>\n\t\t<\/div>\n\t\t\t\t<div class=\"elementor-column elementor-col-25 elementor-inner-column elementor-element elementor-element-76764aab\" data-id=\"76764aab\" data-element_type=\"column\">\n\t\t\t<div class=\"elementor-widget-wrap elementor-element-populated\">\n\t\t\t\t\t\t<div class=\"elementor-element elementor-element-a03d034 elementor-widget elementor-widget-text-editor\" data-id=\"a03d034\" data-element_type=\"widget\" data-widget_type=\"text-editor.default\">\n\t\t\t\t<div class=\"elementor-widget-container\">\n\t\t\t\t\t\t\t\t\t<p><strong>EMPACK<\/strong><\/p>\n<p>Heures d&rsquo;ouverture :<br \/>Mercredi, 27 janvier 2027<br \/>09:00 &#8211; 17:00 heures<br \/>Jeudi, 28 janvier 2027<br \/>09:00 &#8211; 16:00 heures<\/p>\n\t\t\t\t\t\t\t\t<\/div>\n\t\t\t\t<\/div>\n\t\t\t\t\t<\/div>\n\t\t<\/div>\n\t\t\t\t<div class=\"elementor-column elementor-col-25 elementor-inner-column elementor-element elementor-element-5f792f0c\" data-id=\"5f792f0c\" data-element_type=\"column\">\n\t\t\t<div class=\"elementor-widget-wrap elementor-element-populated\">\n\t\t\t\t\t\t<div class=\"elementor-element elementor-element-4890997 elementor-widget elementor-widget-image\" data-id=\"4890997\" data-element_type=\"widget\" data-widget_type=\"image.default\">\n\t\t\t\t<div class=\"elementor-widget-container\">\n\t\t\t\t\t\t\t\t\t\t\t\t\t\t\t\t<a href=\"https:\/\/www.logistics-automation.ch\/de\/\" target=\"_blank\">\n\t\t\t\t\t\t\t<img fetchpriority=\"high\" decoding=\"async\" width=\"313\" height=\"197\" src=\"https:\/\/easyfairsassets.com\/sites\/95\/2021\/02\/Co-located-with-LA_transparent.png\" class=\"attachment-large size-large wp-image-12196\" alt=\"\" srcset=\"https:\/\/easyfairsassets.com\/sites\/95\/2021\/02\/Co-located-with-LA_transparent.png 313w, https:\/\/easyfairsassets.com\/sites\/95\/2021\/02\/Co-located-with-LA_transparent-300x189.png 300w\" sizes=\"(max-width: 313px) 100vw, 313px\" \/>\t\t\t\t\t\t\t\t<\/a>\n\t\t\t\t\t\t\t\t\t\t\t\t\t\t\t<\/div>\n\t\t\t\t<\/div>\n\t\t\t\t<div class=\"elementor-element elementor-element-d4e39a8 elementor-shape-square e-grid-align-mobile-left e-grid-align-tablet-center e-grid-align-left elementor-grid-0 elementor-widget elementor-widget-social-icons\" data-id=\"d4e39a8\" data-element_type=\"widget\" data-widget_type=\"social-icons.default\">\n\t\t\t\t<div class=\"elementor-widget-container\">\n\t\t\t\t\t\t\t<div class=\"elementor-social-icons-wrapper elementor-grid\" role=\"list\">\n\t\t\t\t\t\t\t<span class=\"elementor-grid-item\" role=\"listitem\">\n\t\t\t\t\t<a class=\"elementor-icon elementor-social-icon elementor-social-icon-xing elementor-animation-grow elementor-repeater-item-0a0cdda\" href=\"https:\/\/www.xing.com\/communities\/groups\/empack-und-packaging-innovations-2019-68d4-1092587\/posts\" target=\"_blank\">\n\t\t\t\t\t\t<span class=\"elementor-screen-only\">Xing<\/span>\n\t\t\t\t\t\t<i aria-hidden=\"true\" class=\"fab fa-xing\"><\/i>\t\t\t\t\t<\/a>\n\t\t\t\t<\/span>\n\t\t\t\t\t\t\t<span class=\"elementor-grid-item\" role=\"listitem\">\n\t\t\t\t\t<a class=\"elementor-icon elementor-social-icon elementor-social-icon-linkedin-in elementor-animation-grow elementor-repeater-item-d1b2e34\" href=\"https:\/\/www.linkedin.com\/showcase\/verpackungsmessen-schweiz\" target=\"_blank\">\n\t\t\t\t\t\t<span class=\"elementor-screen-only\">Linkedin-in<\/span>\n\t\t\t\t\t\t<i aria-hidden=\"true\" class=\"fab fa-linkedin-in\"><\/i>\t\t\t\t\t<\/a>\n\t\t\t\t<\/span>\n\t\t\t\t\t\t\t<span class=\"elementor-grid-item\" role=\"listitem\">\n\t\t\t\t\t<a class=\"elementor-icon elementor-social-icon elementor-social-icon-twitter elementor-animation-grow elementor-repeater-item-4b56288\" href=\"https:\/\/twitter.com\/verpackung_CH\" target=\"_blank\">\n\t\t\t\t\t\t<span class=\"elementor-screen-only\">Twitter<\/span>\n\t\t\t\t\t\t<i aria-hidden=\"true\" class=\"fab fa-twitter\"><\/i>\t\t\t\t\t<\/a>\n\t\t\t\t<\/span>\n\t\t\t\t\t\t\t<span class=\"elementor-grid-item\" role=\"listitem\">\n\t\t\t\t\t<a class=\"elementor-icon elementor-social-icon elementor-social-icon-youtube elementor-animation-grow elementor-repeater-item-220f212\" href=\"https:\/\/www.youtube.com\/channel\/UCovK9XW5A8NzDRSk7jGo3mw\/videos\" target=\"_blank\">\n\t\t\t\t\t\t<span class=\"elementor-screen-only\">Youtube<\/span>\n\t\t\t\t\t\t<i aria-hidden=\"true\" class=\"fab fa-youtube\"><\/i>\t\t\t\t\t<\/a>\n\t\t\t\t<\/span>\n\t\t\t\t\t<\/div>\n\t\t\t\t\t\t<\/div>\n\t\t\t\t<\/div>\n\t\t\t\t\t<\/div>\n\t\t<\/div>\n\t\t\t\t<div class=\"elementor-column elementor-col-25 elementor-inner-column elementor-element elementor-element-5ce6b890\" data-id=\"5ce6b890\" data-element_type=\"column\">\n\t\t\t<div class=\"elementor-widget-wrap elementor-element-populated\">\n\t\t\t\t\t\t<div class=\"elementor-element elementor-element-46674551 elementor-tablet-align-left elementor-widget elementor-widget-button\" data-id=\"46674551\" data-element_type=\"widget\" data-widget_type=\"button.default\">\n\t\t\t\t<div class=\"elementor-widget-container\">\n\t\t\t\t\t\t\t\t\t<div class=\"elementor-button-wrapper\">\n\t\t\t\t\t<a class=\"elementor-button elementor-button-link elementor-size-sm\" href=\"https:\/\/www.empack-zuerich.ch\/de\/kontakt-2\/\" target=\"_blank\">\n\t\t\t\t\t\t<span class=\"elementor-button-content-wrapper\">\n\t\t\t\t\t\t<span class=\"elementor-button-icon\">\n\t\t\t\t<i aria-hidden=\"true\" class=\"fas fa-arrow-right\"><\/i>\t\t\t<\/span>\n\t\t\t\t\t\t\t\t\t<span class=\"elementor-button-text\">Contacter l&rsquo;\u00e9quipe du salon<\/span>\n\t\t\t\t\t<\/span>\n\t\t\t\t\t<\/a>\n\t\t\t\t<\/div>\n\t\t\t\t\t\t\t\t<\/div>\n\t\t\t\t<\/div>\n\t\t\t\t<div class=\"elementor-element elementor-element-eb955f5 elementor-widget elementor-widget-button\" data-id=\"eb955f5\" data-element_type=\"widget\" data-widget_type=\"button.default\">\n\t\t\t\t<div class=\"elementor-widget-container\">\n\t\t\t\t\t\t\t\t\t<div class=\"elementor-button-wrapper\">\n\t\t\t\t\t<a class=\"elementor-button elementor-button-link elementor-size-sm\" href=\"mailto:kristina.nadjarian@easyfairs.com\" target=\"_blank\">\n\t\t\t\t\t\t<span class=\"elementor-button-content-wrapper\">\n\t\t\t\t\t\t<span class=\"elementor-button-icon\">\n\t\t\t\t<i aria-hidden=\"true\" class=\"fas fa-arrow-right\"><\/i>\t\t\t<\/span>\n\t\t\t\t\t\t\t\t\t<span class=\"elementor-button-text\">Contacter les visiteurs et les associations<\/span>\n\t\t\t\t\t<\/span>\n\t\t\t\t\t<\/a>\n\t\t\t\t<\/div>\n\t\t\t\t\t\t\t\t<\/div>\n\t\t\t\t<\/div>\n\t\t\t\t<div class=\"elementor-element elementor-element-ab5dd24 elementor-widget elementor-widget-button\" data-id=\"ab5dd24\" data-element_type=\"widget\" data-widget_type=\"button.default\">\n\t\t\t\t<div class=\"elementor-widget-container\">\n\t\t\t\t\t\t\t\t\t<div class=\"elementor-button-wrapper\">\n\t\t\t\t\t<a class=\"elementor-button elementor-button-link elementor-size-sm\" href=\"mailto:michel.zoia@easyfairs.com\" target=\"_blank\">\n\t\t\t\t\t\t<span class=\"elementor-button-content-wrapper\">\n\t\t\t\t\t\t<span class=\"elementor-button-icon\">\n\t\t\t\t<i aria-hidden=\"true\" class=\"fas fa-arrow-right\"><\/i>\t\t\t<\/span>\n\t\t\t\t\t\t\t\t\t<span class=\"elementor-button-text\">Contacter l&rsquo;exposant<\/span>\n\t\t\t\t\t<\/span>\n\t\t\t\t\t<\/a>\n\t\t\t\t<\/div>\n\t\t\t\t\t\t\t\t<\/div>\n\t\t\t\t<\/div>\n\t\t\t\t<div class=\"elementor-element elementor-element-4e391503 elementor-widget elementor-widget-button\" data-id=\"4e391503\" data-element_type=\"widget\" data-widget_type=\"button.default\">\n\t\t\t\t<div class=\"elementor-widget-container\">\n\t\t\t\t\t\t\t\t\t<div class=\"elementor-button-wrapper\">\n\t\t\t\t\t<a class=\"elementor-button elementor-button-link elementor-size-sm\" href=\"mailto:sarah.tschopp@easyfairs.com\" target=\"_blank\">\n\t\t\t\t\t\t<span class=\"elementor-button-content-wrapper\">\n\t\t\t\t\t\t<span class=\"elementor-button-icon\">\n\t\t\t\t<i aria-hidden=\"true\" class=\"fas fa-arrow-right\"><\/i>\t\t\t<\/span>\n\t\t\t\t\t\t\t\t\t<span class=\"elementor-button-text\">Contact Presse<\/span>\n\t\t\t\t\t<\/span>\n\t\t\t\t\t<\/a>\n\t\t\t\t<\/div>\n\t\t\t\t\t\t\t\t<\/div>\n\t\t\t\t<\/div>\n\t\t\t\t\t<\/div>\n\t\t<\/div>\n\t\t\t\t\t<\/div>\n\t\t<\/section>\n\t\t\t\t\t<\/div>\n\t\t<\/div>\n\t\t\t\t\t<\/div>\n\t\t<\/section>\n\t\t\t\t<\/div>\n\t\t<\/p>\n\t\t\t\t\t\t\t\t<\/div>\n\t\t\t\t<\/div>\n\t\t\t\t\t<\/div>\n\t\t<\/div>\n\t\t\t\t\t<\/div>\n\t\t<\/section>\n\t\t\t\t<\/div>\n\t\t","protected":false},"excerpt":{"rendered":"<p>Qu&rsquo;est-ce qu&rsquo;un badge intelligent ? Smart Badge Technologie pour les visiteurs En r\u00e9sum\u00e9, un badge intelligent est un badge visiteur intelligent. Il permet aux visiteurs et aux exposants d&rsquo;\u00e9changer num\u00e9riquement des donn\u00e9es de contact et des informations. lire la suite Information sur Touch &#038; Collect Quelles sont les conditions pr\u00e9alables ? D\u00e8s que vous touchez [&hellip;]<\/p>\n","protected":false},"author":1,"featured_media":0,"parent":0,"menu_order":0,"comment_status":"closed","ping_status":"closed","template":"","meta":{"_seopress_robots_primary_cat":"","_seopress_titles_title":"Technologie de badge intelligent","_seopress_titles_desc":"Faites des contacts hautement qualifi\u00e9s avec la technologie Easyfairs Smart Badge. ","_seopress_robots_index":"","footnotes":""},"class_list":["post-17668","page","type-page","status-publish","hentry"],"_links":{"self":[{"href":"https:\/\/www.empack-schweiz.ch\/fr\/wp-json\/wp\/v2\/pages\/17668","targetHints":{"allow":["GET"]}}],"collection":[{"href":"https:\/\/www.empack-schweiz.ch\/fr\/wp-json\/wp\/v2\/pages"}],"about":[{"href":"https:\/\/www.empack-schweiz.ch\/fr\/wp-json\/wp\/v2\/types\/page"}],"author":[{"embeddable":true,"href":"https:\/\/www.empack-schweiz.ch\/fr\/wp-json\/wp\/v2\/users\/1"}],"replies":[{"embeddable":true,"href":"https:\/\/www.empack-schweiz.ch\/fr\/wp-json\/wp\/v2\/comments?post=17668"}],"version-history":[{"count":5,"href":"https:\/\/www.empack-schweiz.ch\/fr\/wp-json\/wp\/v2\/pages\/17668\/revisions"}],"predecessor-version":[{"id":127228,"href":"https:\/\/www.empack-schweiz.ch\/fr\/wp-json\/wp\/v2\/pages\/17668\/revisions\/127228"}],"wp:attachment":[{"href":"https:\/\/www.empack-schweiz.ch\/fr\/wp-json\/wp\/v2\/media?parent=17668"}],"curies":[{"name":"wp","href":"https:\/\/api.w.org\/{rel}","templated":true}]}}