{"id":17672,"date":"2021-11-18T23:01:28","date_gmt":"2021-11-18T22:01:28","guid":{"rendered":"https:\/\/www.empack-schweiz.ch\/partenaire\/"},"modified":"2024-08-23T12:32:41","modified_gmt":"2024-08-23T10:32:41","slug":"partenaire","status":"publish","type":"page","link":"https:\/\/www.empack-schweiz.ch\/fr\/partenaire\/","title":{"rendered":"Partenaire"},"content":{"rendered":"\t\t<div data-elementor-type=\"wp-page\" data-elementor-id=\"17672\" class=\"elementor elementor-17672 elementor-7732\" data-elementor-post-type=\"page\">\n\t\t\t\t\t\t<section class=\"elementor-section elementor-top-section elementor-element elementor-element-14af2cab elementor-section-content-middle elementor-section-full_width elementor-section-height-default elementor-section-height-default\" data-id=\"14af2cab\" data-element_type=\"section\">\n\t\t\t\t\t\t<div class=\"elementor-container elementor-column-gap-no\">\n\t\t\t\t\t<div class=\"elementor-column elementor-col-50 elementor-top-column elementor-element elementor-element-681bfa8e\" data-id=\"681bfa8e\" data-element_type=\"column\" data-settings=\"{&quot;background_background&quot;:&quot;classic&quot;}\">\n\t\t\t<div class=\"elementor-widget-wrap elementor-element-populated\">\n\t\t\t\t\t\t<div class=\"elementor-element elementor-element-6dbb161 elementor-widget elementor-widget-spacer\" data-id=\"6dbb161\" data-element_type=\"widget\" data-widget_type=\"spacer.default\">\n\t\t\t\t<div class=\"elementor-widget-container\">\n\t\t\t\t\t\t\t<div class=\"elementor-spacer\">\n\t\t\t<div class=\"elementor-spacer-inner\"><\/div>\n\t\t<\/div>\n\t\t\t\t\t\t<\/div>\n\t\t\t\t<\/div>\n\t\t\t\t\t<\/div>\n\t\t<\/div>\n\t\t\t\t<div class=\"elementor-column elementor-col-50 elementor-top-column elementor-element elementor-element-568a0bdc\" data-id=\"568a0bdc\" data-element_type=\"column\" data-settings=\"{&quot;background_background&quot;:&quot;classic&quot;}\">\n\t\t\t<div class=\"elementor-widget-wrap elementor-element-populated\">\n\t\t\t\t\t\t<div class=\"elementor-element elementor-element-75df7406 elementor-widget elementor-widget-heading\" data-id=\"75df7406\" data-element_type=\"widget\" data-widget_type=\"heading.default\">\n\t\t\t\t<div class=\"elementor-widget-container\">\n\t\t\t\t\t<h5 class=\"elementor-heading-title elementor-size-default\">Partenaire<\/h5>\t\t\t\t<\/div>\n\t\t\t\t<\/div>\n\t\t\t\t<div class=\"elementor-element elementor-element-124e0fed elementor-widget elementor-widget-heading\" data-id=\"124e0fed\" data-element_type=\"widget\" data-widget_type=\"heading.default\">\n\t\t\t\t<div class=\"elementor-widget-container\">\n\t\t\t\t\t<h2 class=\"elementor-heading-title elementor-size-default\">Partenaires de comp\u00e9tence Partenaires premium Associations<\/h2>\t\t\t\t<\/div>\n\t\t\t\t<\/div>\n\t\t\t\t<div class=\"elementor-element elementor-element-56e52dfc elementor-widget elementor-widget-button\" data-id=\"56e52dfc\" data-element_type=\"widget\" data-widget_type=\"button.default\">\n\t\t\t\t<div class=\"elementor-widget-container\">\n\t\t\t\t\t\t\t\t\t<div class=\"elementor-button-wrapper\">\n\t\t\t\t\t<a class=\"elementor-button elementor-button-link elementor-size-sm\" href=\"#content\">\n\t\t\t\t\t\t<span class=\"elementor-button-content-wrapper\">\n\t\t\t\t\t\t<span class=\"elementor-button-icon\">\n\t\t\t\t<i aria-hidden=\"true\" class=\"fas fa-arrow-right\"><\/i>\t\t\t<\/span>\n\t\t\t\t\t\t\t\t\t<span class=\"elementor-button-text\">lire plus<\/span>\n\t\t\t\t\t<\/span>\n\t\t\t\t\t<\/a>\n\t\t\t\t<\/div>\n\t\t\t\t\t\t\t\t<\/div>\n\t\t\t\t<\/div>\n\t\t\t\t\t<\/div>\n\t\t<\/div>\n\t\t\t\t\t<\/div>\n\t\t<\/section>\n\t\t\t\t<section class=\"elementor-section elementor-top-section elementor-element elementor-element-00722af elementor-section-boxed elementor-section-height-default elementor-section-height-default\" data-id=\"00722af\" data-element_type=\"section\">\n\t\t\t\t\t\t<div class=\"elementor-container elementor-column-gap-no\">\n\t\t\t\t\t<div class=\"elementor-column elementor-col-100 elementor-top-column elementor-element elementor-element-b7a503c\" data-id=\"b7a503c\" data-element_type=\"column\">\n\t\t\t<div class=\"elementor-widget-wrap elementor-element-populated\">\n\t\t\t\t\t\t<div class=\"elementor-element elementor-element-74a01ee9 elementor-widget elementor-widget-image\" data-id=\"74a01ee9\" data-element_type=\"widget\" data-widget_type=\"image.default\">\n\t\t\t\t<div class=\"elementor-widget-container\">\n\t\t\t\t\t\t\t\t\t\t\t\t\t\t\t\t<a href=\"https:\/\/www.svi-verpackung.ch\/fr\/\" target=\"_blank\">\n\t\t\t\t\t\t\t<img decoding=\"async\" src=\"https:\/\/easyfairsassets.com\/sites\/95\/2019\/12\/K_SVI_logo_neu.jpg\" title=\"\" alt=\"\" loading=\"lazy\" \/>\t\t\t\t\t\t\t\t<\/a>\n\t\t\t\t\t\t\t\t\t\t\t\t\t\t\t<\/div>\n\t\t\t\t<\/div>\n\t\t\t\t<div class=\"elementor-element elementor-element-91fb8ee elementor-widget elementor-widget-menu-anchor\" data-id=\"91fb8ee\" data-element_type=\"widget\" data-widget_type=\"menu-anchor.default\">\n\t\t\t\t<div class=\"elementor-widget-container\">\n\t\t\t\t\t\t\t<div class=\"elementor-menu-anchor\" id=\"contenu\"><\/div>\n\t\t\t\t\t\t<\/div>\n\t\t\t\t<\/div>\n\t\t\t\t<div class=\"elementor-element elementor-element-d8f03e2 elementor-widget elementor-widget-heading\" data-id=\"d8f03e2\" data-element_type=\"widget\" data-widget_type=\"heading.default\">\n\t\t\t\t<div class=\"elementor-widget-container\">\n\t\t\t\t\t<h2 class=\"elementor-heading-title elementor-size-default\">PARTENAIRE DE COMP\u00c9TENCE<\/h2>\t\t\t\t<\/div>\n\t\t\t\t<\/div>\n\t\t\t\t<div class=\"elementor-element elementor-element-dbac560 elementor-widget elementor-widget-text-editor\" data-id=\"dbac560\" data-element_type=\"widget\" data-widget_type=\"text-editor.default\">\n\t\t\t\t<div class=\"elementor-widget-container\">\n\t\t\t\t\t\t\t\t\t<p><strong>Le SVI est synonyme de r\u00e9flexion globale sur l&#8217;emballage.<\/strong><\/p>\n<p>Nous sommes l&rsquo;association neutre en mati\u00e8re d&#8217;emballage du secteur suisse de l&#8217;emballage. Nous repr\u00e9sentons et promouvons les int\u00e9r\u00eats de toutes les entreprises qui participent au cycle de vie d&rsquo;un emballage &#8211; de la fabrication au recyclage en passant par les processus de remplissage. Nous soutenons ainsi le d\u00e9veloppement de l&rsquo;ensemble du secteur de l&#8217;emballage d&rsquo;un point de vue fonctionnel, \u00e9cologique et \u00e9conomique et mettons en \u00e9vidence la capacit\u00e9 d&rsquo;innovation de la branche&#8230;<\/p>\n<p><strong>Le SVI place ses membres au centre de ses pr\u00e9occupations.<\/strong><\/p>\n<p>Nous offrons des informations et des conseils complets dans tous les domaines sp\u00e9cifiques \u00e0 la branche &#8211; de mani\u00e8re comp\u00e9tente et actuelle. De plus, nous cr\u00e9ons des plateformes de r\u00e9seau et encourageons la rencontre et la collaboration de nos membres. Cela fait de nous un partenaire et un prestataire de services solide pour le secteur de l&#8217;emballage.<\/p>\n<p><strong>Le SVI forme des sp\u00e9cialistes de l&#8217;emballage.<\/strong><\/p>\n<p>Nous sommes le partenaire leader pour la formation et la formation continue en cours d&#8217;emploi dans le secteur de l&#8217;emballage. Notre programme de formation est adapt\u00e9 aux diff\u00e9rents niveaux, orient\u00e9 vers la pratique et complet. Nos dipl\u00f4m\u00e9s occupent des postes cl\u00e9s importants et sont ainsi un facteur de r\u00e9ussite pour la comp\u00e9titivit\u00e9 du secteur suisse de l&#8217;emballage.<\/p>\n\t\t\t\t\t\t\t\t<\/div>\n\t\t\t\t<\/div>\n\t\t\t\t<div class=\"elementor-element elementor-element-cd32a73 elementor-widget elementor-widget-gallery\" data-id=\"cd32a73\" data-element_type=\"widget\" data-settings=\"{&quot;lazyload&quot;:&quot;yes&quot;,&quot;gallery_layout&quot;:&quot;grid&quot;,&quot;columns&quot;:4,&quot;columns_tablet&quot;:2,&quot;columns_mobile&quot;:1,&quot;gap&quot;:{&quot;unit&quot;:&quot;px&quot;,&quot;size&quot;:10,&quot;sizes&quot;:[]},&quot;gap_tablet&quot;:{&quot;unit&quot;:&quot;px&quot;,&quot;size&quot;:10,&quot;sizes&quot;:[]},&quot;gap_mobile&quot;:{&quot;unit&quot;:&quot;px&quot;,&quot;size&quot;:10,&quot;sizes&quot;:[]},&quot;link_to&quot;:&quot;file&quot;,&quot;aspect_ratio&quot;:&quot;3:2&quot;,&quot;overlay_background&quot;:&quot;yes&quot;,&quot;content_hover_animation&quot;:&quot;fade-in&quot;}\" data-widget_type=\"gallery.default\">\n\t\t\t\t<div class=\"elementor-widget-container\">\n\t\t\t\t\t\t\t<div class=\"elementor-gallery__container\">\n\t\t\t\t\t<\/div>\n\t\t\t\t\t<\/div>\n\t\t\t\t<\/div>\n\t\t\t\t<div class=\"elementor-element elementor-element-e143dc9 elementor-widget elementor-widget-dynamic-button\" data-id=\"e143dc9\" data-element_type=\"widget\" data-widget_type=\"dynamic-button.default\">\n\t\t\t\t<div class=\"elementor-widget-container\">\n\t\t\t\t\t        <div class=\"elementor-button-wrapper\">\n            <a href=\"https:\/\/www.svi-verpackung.ch\" target=\"_blank\" class=\"elementor-button-link elementor-button elementor-size-sm\" role=\"button\">\n                        <span class=\"elementor-button-content-wrapper\">\n\t\t\t                <span class=\"elementor-button-icon elementor-align-icon-right\">\n\t\t\t\t<i aria-hidden=\"true\" class=\"fas fa-arrow-right\"><\/i>\t\t\t<\/span>\n            \t\t\t<span class=\"elementor-button-text\">Plus d'informations<\/span>\n\t\t<\/span>\n                    <\/a>\n        <\/div>\n        \t\t\t\t<\/div>\n\t\t\t\t<\/div>\n\t\t\t\t\t<\/div>\n\t\t<\/div>\n\t\t\t\t\t<\/div>\n\t\t<\/section>\n\t\t\t\t<section class=\"elementor-section elementor-top-section elementor-element elementor-element-3efa233 elementor-section-content-middle elementor-section-boxed elementor-section-height-default elementor-section-height-default\" data-id=\"3efa233\" data-element_type=\"section\">\n\t\t\t\t\t\t<div class=\"elementor-container elementor-column-gap-no\">\n\t\t\t\t\t<div class=\"elementor-column elementor-col-33 elementor-top-column elementor-element elementor-element-8a70d97\" data-id=\"8a70d97\" data-element_type=\"column\" data-settings=\"{&quot;background_background&quot;:&quot;classic&quot;}\">\n\t\t\t<div class=\"elementor-widget-wrap elementor-element-populated\">\n\t\t\t\t\t\t<div class=\"elementor-element elementor-element-31e05df elementor-widget elementor-widget-image\" data-id=\"31e05df\" data-element_type=\"widget\" data-widget_type=\"image.default\">\n\t\t\t\t<div class=\"elementor-widget-container\">\n\t\t\t\t\t\t\t\t\t\t\t\t\t\t\t<img fetchpriority=\"high\" decoding=\"async\" width=\"230\" height=\"300\" src=\"https:\/\/easyfairsassets.com\/sites\/95\/2022\/09\/Philippe-Dubois_1-230x300.jpg\" class=\"attachment-medium size-medium wp-image-34639\" alt=\"\" srcset=\"https:\/\/easyfairsassets.com\/sites\/95\/2022\/09\/Philippe-Dubois_1-230x300.jpg 230w, https:\/\/easyfairsassets.com\/sites\/95\/2022\/09\/Philippe-Dubois_1-786x1024.jpg 786w, https:\/\/easyfairsassets.com\/sites\/95\/2022\/09\/Philippe-Dubois_1-768x1000.jpg 768w, https:\/\/easyfairsassets.com\/sites\/95\/2022\/09\/Philippe-Dubois_1-1179x1536.jpg 1179w, https:\/\/easyfairsassets.com\/sites\/95\/2022\/09\/Philippe-Dubois_1.jpg 1474w\" sizes=\"(max-width: 230px) 100vw, 230px\" \/>\t\t\t\t\t\t\t\t\t\t\t\t\t\t\t<\/div>\n\t\t\t\t<\/div>\n\t\t\t\t\t<\/div>\n\t\t<\/div>\n\t\t\t\t<div class=\"elementor-column elementor-col-66 elementor-top-column elementor-element elementor-element-ce876c3\" data-id=\"ce876c3\" data-element_type=\"column\" data-settings=\"{&quot;background_background&quot;:&quot;classic&quot;}\">\n\t\t\t<div class=\"elementor-widget-wrap elementor-element-populated\">\n\t\t\t\t\t\t<div class=\"elementor-element elementor-element-3458d88 elementor-widget elementor-widget-heading\" data-id=\"3458d88\" data-element_type=\"widget\" data-widget_type=\"heading.default\">\n\t\t\t\t<div class=\"elementor-widget-container\">\n\t\t\t\t\t<h2 class=\"elementor-heading-title elementor-size-default\">Philippe Dubois, Pr\u00e4sident SVI<\/h2>\t\t\t\t<\/div>\n\t\t\t\t<\/div>\n\t\t\t\t<div class=\"elementor-element elementor-element-32dd334 elementor-widget elementor-widget-text-editor\" data-id=\"32dd334\" data-element_type=\"widget\" data-widget_type=\"text-editor.default\">\n\t\t\t\t<div class=\"elementor-widget-container\">\n\t\t\t\t\t\t\t\t\t\u00ab\u00a0Les entreprises du secteur de l&#8217;emballage sont de plus en plus confront\u00e9es \u00e0 une concurrence internationale de produits et de services. De mon point de vue, ce salon offre au secteur suisse de l&#8217;emballage le cadre id\u00e9al pour pr\u00e9senter ses innovations, entretenir les contacts existants et nouer de nouveaux partenariats au niveau national. Pour un pays relativement co\u00fbteux comme la Suisse, le succ\u00e8s d\u00e9pend dans une large mesure de la force d&rsquo;innovation et de la qualit\u00e9 de ses produits ainsi que du savoir-faire de ses collaborateurs. En tant qu&rsquo;association fa\u00eeti\u00e8re de l&rsquo;industrie suisse de l&#8217;emballage, nous chercherons de mani\u00e8re cibl\u00e9e \u00e0 \u00e9changer avec les membres de la branche lors du salon, \u00e0 recruter de nouveaux membres et \u00e0 pr\u00e9senter notre vaste programme de formation continue. Avec un programme de conf\u00e9rences de deux jours, nous voulons en outre \u00eatre une plate-forme d&rsquo;\u00e9change mutuel et d&rsquo;importants apports professionnels\u00a0\u00bb.\t\t\t\t\t\t\t\t<\/div>\n\t\t\t\t<\/div>\n\t\t\t\t\t<\/div>\n\t\t<\/div>\n\t\t\t\t\t<\/div>\n\t\t<\/section>\n\t\t\t\t<section class=\"elementor-section elementor-top-section elementor-element elementor-element-10ae422 elementor-section-content-middle elementor-section-boxed elementor-section-height-default elementor-section-height-default\" data-id=\"10ae422\" data-element_type=\"section\">\n\t\t\t\t\t\t<div class=\"elementor-container elementor-column-gap-no\">\n\t\t\t\t\t<div class=\"elementor-column elementor-col-33 elementor-top-column elementor-element elementor-element-e432daf\" data-id=\"e432daf\" data-element_type=\"column\" data-settings=\"{&quot;background_background&quot;:&quot;classic&quot;}\">\n\t\t\t<div class=\"elementor-widget-wrap elementor-element-populated\">\n\t\t\t\t\t\t<div class=\"elementor-element elementor-element-e44e896 elementor-widget elementor-widget-image\" data-id=\"e44e896\" data-element_type=\"widget\" data-widget_type=\"image.default\">\n\t\t\t\t<div class=\"elementor-widget-container\">\n\t\t\t\t\t\t\t\t\t\t\t\t\t\t\t<img decoding=\"async\" width=\"200\" height=\"300\" src=\"https:\/\/easyfairsassets.com\/sites\/95\/2022\/11\/Zopfi_Portrait-scaled-1-200x300.jpg\" class=\"attachment-medium size-medium wp-image-39956\" alt=\"\" srcset=\"https:\/\/easyfairsassets.com\/sites\/95\/2022\/11\/Zopfi_Portrait-scaled-1-200x300.jpg 200w, https:\/\/easyfairsassets.com\/sites\/95\/2022\/11\/Zopfi_Portrait-scaled-1-683x1024.jpg 683w, https:\/\/easyfairsassets.com\/sites\/95\/2022\/11\/Zopfi_Portrait-scaled-1-768x1151.jpg 768w, https:\/\/easyfairsassets.com\/sites\/95\/2022\/11\/Zopfi_Portrait-scaled-1-1025x1536.jpg 1025w, https:\/\/easyfairsassets.com\/sites\/95\/2022\/11\/Zopfi_Portrait-scaled-1.jpg 1281w\" sizes=\"(max-width: 200px) 100vw, 200px\" \/>\t\t\t\t\t\t\t\t\t\t\t\t\t\t\t<\/div>\n\t\t\t\t<\/div>\n\t\t\t\t\t<\/div>\n\t\t<\/div>\n\t\t\t\t<div class=\"elementor-column elementor-col-66 elementor-top-column elementor-element elementor-element-24b262e\" data-id=\"24b262e\" data-element_type=\"column\" data-settings=\"{&quot;background_background&quot;:&quot;classic&quot;}\">\n\t\t\t<div class=\"elementor-widget-wrap elementor-element-populated\">\n\t\t\t\t\t\t<div class=\"elementor-element elementor-element-165a372 elementor-widget elementor-widget-heading\" data-id=\"165a372\" data-element_type=\"widget\" data-widget_type=\"heading.default\">\n\t\t\t\t<div class=\"elementor-widget-container\">\n\t\t\t\t\t<h2 class=\"elementor-heading-title elementor-size-default\">Andreas Zopfi, Directeur de la SVI<\/h2>\t\t\t\t<\/div>\n\t\t\t\t<\/div>\n\t\t\t\t<div class=\"elementor-element elementor-element-699d108 elementor-widget elementor-widget-text-editor\" data-id=\"699d108\" data-element_type=\"widget\" data-widget_type=\"text-editor.default\">\n\t\t\t\t<div class=\"elementor-widget-container\">\n\t\t\t\t\t\t\t\t\t<p>\u00ab\u00a0Malgr\u00e9 la mondialisation des march\u00e9s d&rsquo;approvisionnement et de vente, nous restons fid\u00e8les \u00e0 notre march\u00e9 int\u00e9rieur et pouvons, ann\u00e9e apr\u00e8s ann\u00e9e, pr\u00e9senter aux d\u00e9cideurs la grande force d&rsquo;innovation de l&rsquo;industrie suisse de l&#8217;emballage lors d&rsquo;un salon suisse. Bien s\u00fbr, lors des salons internationaux, la concentration de clients potentiels est plus \u00e9lev\u00e9e, mais le nombre de concurrents l&rsquo;est aussi. La question qui se pose est la suivante : est-ce que j&rsquo;atteins les d\u00e9cideurs pour les d\u00e9bouch\u00e9s importants pour notre industrie en Suisse lors des salons internationaux ? Est-ce que j&rsquo;atteins les sp\u00e9cialistes importants pour mon avenir ? Nous produisons majoritairement en Suisse et recrutons \u00e9galement notre personnel sp\u00e9cialis\u00e9 en Suisse. Pour la SVI, le partenariat avec l&rsquo;organisation du salon EMPACK est un partenariat strat\u00e9gique. Nous nous engageons en faveur du site d&rsquo;exposition suisse et donc aussi en faveur de notre propre salon de l&#8217;emballage\u00a0\u00bb.<\/p>\n\t\t\t\t\t\t\t\t<\/div>\n\t\t\t\t<\/div>\n\t\t\t\t\t<\/div>\n\t\t<\/div>\n\t\t\t\t\t<\/div>\n\t\t<\/section>\n\t\t\t\t<section class=\"elementor-section elementor-top-section elementor-element elementor-element-65721ec elementor-hidden-desktop elementor-hidden-tablet elementor-hidden-mobile elementor-section-boxed elementor-section-height-default elementor-section-height-default\" data-id=\"65721ec\" data-element_type=\"section\">\n\t\t\t\t\t\t<div class=\"elementor-container elementor-column-gap-no\">\n\t\t\t\t\t<div class=\"elementor-column elementor-col-100 elementor-top-column elementor-element elementor-element-33db66a\" data-id=\"33db66a\" data-element_type=\"column\">\n\t\t\t<div class=\"elementor-widget-wrap elementor-element-populated\">\n\t\t\t\t\t\t<div class=\"elementor-element elementor-element-766db84 elementor-widget elementor-widget-heading\" data-id=\"766db84\" data-element_type=\"widget\" data-widget_type=\"heading.default\">\n\t\t\t\t<div class=\"elementor-widget-container\">\n\t\t\t\t\t<h2 class=\"elementor-heading-title elementor-size-default\">Partenaire premium<\/h2>\t\t\t\t<\/div>\n\t\t\t\t<\/div>\n\t\t\t\t<section class=\"elementor-section elementor-inner-section elementor-element elementor-element-f5c4d36 elementor-section-full_width elementor-section-content-middle elementor-section-height-default elementor-section-height-default\" data-id=\"f5c4d36\" data-element_type=\"section\">\n\t\t\t\t\t\t<div class=\"elementor-container elementor-column-gap-no\">\n\t\t\t\t\t<div class=\"elementor-column elementor-col-50 elementor-inner-column elementor-element elementor-element-dbc886b\" data-id=\"dbc886b\" data-element_type=\"column\">\n\t\t\t<div class=\"elementor-widget-wrap elementor-element-populated\">\n\t\t\t\t\t\t<div class=\"elementor-element elementor-element-b48aa93 elementor-widget elementor-widget-image\" data-id=\"b48aa93\" data-element_type=\"widget\" data-widget_type=\"image.default\">\n\t\t\t\t<div class=\"elementor-widget-container\">\n\t\t\t\t\t\t\t\t\t\t\t\t\t\t\t\t<a href=\"https:\/\/www.modelgroup.com\/ch\/de\/home.html\" target=\"_blank\">\n\t\t\t\t\t\t\t<img decoding=\"async\" width=\"800\" height=\"357\" src=\"https:\/\/easyfairsassets.com\/sites\/95\/2022\/09\/MODEL_Logo-RGB.jpg\" class=\"attachment-large size-large wp-image-65541\" alt=\"\" srcset=\"https:\/\/easyfairsassets.com\/sites\/95\/2022\/09\/MODEL_Logo-RGB.jpg 992w, https:\/\/easyfairsassets.com\/sites\/95\/2022\/09\/MODEL_Logo-RGB-300x134.jpg 300w, https:\/\/easyfairsassets.com\/sites\/95\/2022\/09\/MODEL_Logo-RGB-768x343.jpg 768w\" sizes=\"(max-width: 800px) 100vw, 800px\" \/>\t\t\t\t\t\t\t\t<\/a>\n\t\t\t\t\t\t\t\t\t\t\t\t\t\t\t<\/div>\n\t\t\t\t<\/div>\n\t\t\t\t\t<\/div>\n\t\t<\/div>\n\t\t\t\t<div class=\"elementor-column elementor-col-50 elementor-inner-column elementor-element elementor-element-123f48f\" data-id=\"123f48f\" data-element_type=\"column\">\n\t\t\t<div class=\"elementor-widget-wrap\">\n\t\t\t\t\t\t\t<\/div>\n\t\t<\/div>\n\t\t\t\t\t<\/div>\n\t\t<\/section>\n\t\t\t\t\t<\/div>\n\t\t<\/div>\n\t\t\t\t\t<\/div>\n\t\t<\/section>\n\t\t\t\t<section class=\"elementor-section elementor-top-section elementor-element elementor-element-ad116c0 elementor-section-boxed elementor-section-height-default elementor-section-height-default\" data-id=\"ad116c0\" data-element_type=\"section\">\n\t\t\t\t\t\t<div class=\"elementor-container elementor-column-gap-no\">\n\t\t\t\t\t<div class=\"elementor-column elementor-col-100 elementor-top-column elementor-element elementor-element-2e973ee\" data-id=\"2e973ee\" data-element_type=\"column\">\n\t\t\t<div class=\"elementor-widget-wrap elementor-element-populated\">\n\t\t\t\t\t\t<div class=\"elementor-element elementor-element-11a54d8 elementor-widget elementor-widget-heading\" data-id=\"11a54d8\" data-element_type=\"widget\" data-widget_type=\"heading.default\">\n\t\t\t\t<div class=\"elementor-widget-container\">\n\t\t\t\t\t<h2 class=\"elementor-heading-title elementor-size-default\">Partenaire de l'association<\/h2>\t\t\t\t<\/div>\n\t\t\t\t<\/div>\n\t\t\t\t<section class=\"elementor-section elementor-inner-section elementor-element elementor-element-1e86b96 elementor-section-full_width elementor-section-content-middle elementor-section-height-default elementor-section-height-default\" data-id=\"1e86b96\" data-element_type=\"section\">\n\t\t\t\t\t\t<div class=\"elementor-container elementor-column-gap-no\">\n\t\t\t\t\t<div class=\"elementor-column elementor-col-50 elementor-inner-column elementor-element elementor-element-04b0fce\" data-id=\"04b0fce\" data-element_type=\"column\">\n\t\t\t<div class=\"elementor-widget-wrap elementor-element-populated\">\n\t\t\t\t\t\t<div class=\"elementor-element elementor-element-283a702 elementor-widget elementor-widget-image\" data-id=\"283a702\" data-element_type=\"widget\" data-widget_type=\"image.default\">\n\t\t\t\t<div class=\"elementor-widget-container\">\n\t\t\t\t\t\t\t\t\t\t\t\t\t\t\t\t<a href=\"https:\/\/www.vli.ch\/\" target=\"_blank\">\n\t\t\t\t\t\t\t<img decoding=\"async\" src=\"https:\/\/easyfairsassets.com\/sites\/95\/2021\/12\/logo-VLI-2009.jpg\" title=\"\" alt=\"\" loading=\"lazy\" \/>\t\t\t\t\t\t\t\t<\/a>\n\t\t\t\t\t\t\t\t\t\t\t\t\t\t\t<\/div>\n\t\t\t\t<\/div>\n\t\t\t\t\t<\/div>\n\t\t<\/div>\n\t\t\t\t<div class=\"elementor-column elementor-col-50 elementor-inner-column elementor-element elementor-element-2063fef\" data-id=\"2063fef\" data-element_type=\"column\">\n\t\t\t<div class=\"elementor-widget-wrap elementor-element-populated\">\n\t\t\t\t\t\t<div class=\"elementor-element elementor-element-0b0559d elementor-widget elementor-widget-image\" data-id=\"0b0559d\" data-element_type=\"widget\" data-widget_type=\"image.default\">\n\t\t\t\t<div class=\"elementor-widget-container\">\n\t\t\t\t\t\t\t\t\t\t\t\t\t\t\t\t<a href=\"http:\/\/www.procure.ch\" target=\"_blank\">\n\t\t\t\t\t\t\t<img loading=\"lazy\" decoding=\"async\" width=\"685\" height=\"201\" src=\"https:\/\/easyfairsassets.com\/sites\/95\/2021\/11\/procureLogo-300.jpg\" class=\"attachment-large size-large wp-image-21906\" alt=\"\" srcset=\"https:\/\/easyfairsassets.com\/sites\/95\/2021\/11\/procureLogo-300.jpg 685w, https:\/\/easyfairsassets.com\/sites\/95\/2021\/11\/procureLogo-300-300x88.jpg 300w\" sizes=\"(max-width: 685px) 100vw, 685px\" \/>\t\t\t\t\t\t\t\t<\/a>\n\t\t\t\t\t\t\t\t\t\t\t\t\t\t\t<\/div>\n\t\t\t\t<\/div>\n\t\t\t\t\t<\/div>\n\t\t<\/div>\n\t\t\t\t\t<\/div>\n\t\t<\/section>\n\t\t\t\t\t<\/div>\n\t\t<\/div>\n\t\t\t\t\t<\/div>\n\t\t<\/section>\n\t\t\t\t<section class=\"elementor-section elementor-top-section elementor-element elementor-element-40d495c elementor-section-full_width elementor-section-height-default elementor-section-height-default\" data-id=\"40d495c\" data-element_type=\"section\">\n\t\t\t\t\t\t<div class=\"elementor-container elementor-column-gap-no\">\n\t\t\t\t\t<div class=\"elementor-column elementor-col-100 elementor-top-column elementor-element elementor-element-43157be\" data-id=\"43157be\" data-element_type=\"column\">\n\t\t\t<div class=\"elementor-widget-wrap elementor-element-populated\">\n\t\t\t\t\t\t<div class=\"elementor-element elementor-element-e46b79c elementor-widget elementor-widget-text-editor\" data-id=\"e46b79c\" data-element_type=\"widget\" data-widget_type=\"text-editor.default\">\n\t\t\t\t<div class=\"elementor-widget-container\">\n\t\t\t\t\t\t\t\t\t<p><\/p>\n\t\t\t\t\t\t\t\t<\/div>\n\t\t\t\t<\/div>\n\t\t\t\t\t<\/div>\n\t\t<\/div>\n\t\t\t\t\t<\/div>\n\t\t<\/section>\n\t\t\t\t<\/div>\n\t\t","protected":false},"excerpt":{"rendered":"<p>Partenaire Partenaires de comp\u00e9tence Partenaires premium Associations lire plus PARTENAIRE DE COMP\u00c9TENCE Le SVI est synonyme de r\u00e9flexion globale sur l&#8217;emballage. Nous sommes l&rsquo;association neutre en mati\u00e8re d&#8217;emballage du secteur suisse de l&#8217;emballage. Nous repr\u00e9sentons et promouvons les int\u00e9r\u00eats de toutes les entreprises qui participent au cycle de vie d&rsquo;un emballage &#8211; de la fabrication [&hellip;]<\/p>\n","protected":false},"author":1,"featured_media":0,"parent":0,"menu_order":0,"comment_status":"closed","ping_status":"closed","template":"","meta":{"_seopress_robots_primary_cat":"","_seopress_titles_title":"%%post_title%% %%sitetitle%%","_seopress_titles_desc":"","_seopress_robots_index":"","footnotes":""},"class_list":["post-17672","page","type-page","status-publish","hentry"],"_links":{"self":[{"href":"https:\/\/www.empack-schweiz.ch\/fr\/wp-json\/wp\/v2\/pages\/17672","targetHints":{"allow":["GET"]}}],"collection":[{"href":"https:\/\/www.empack-schweiz.ch\/fr\/wp-json\/wp\/v2\/pages"}],"about":[{"href":"https:\/\/www.empack-schweiz.ch\/fr\/wp-json\/wp\/v2\/types\/page"}],"author":[{"embeddable":true,"href":"https:\/\/www.empack-schweiz.ch\/fr\/wp-json\/wp\/v2\/users\/1"}],"replies":[{"embeddable":true,"href":"https:\/\/www.empack-schweiz.ch\/fr\/wp-json\/wp\/v2\/comments?post=17672"}],"version-history":[{"count":5,"href":"https:\/\/www.empack-schweiz.ch\/fr\/wp-json\/wp\/v2\/pages\/17672\/revisions"}],"predecessor-version":[{"id":127194,"href":"https:\/\/www.empack-schweiz.ch\/fr\/wp-json\/wp\/v2\/pages\/17672\/revisions\/127194"}],"wp:attachment":[{"href":"https:\/\/www.empack-schweiz.ch\/fr\/wp-json\/wp\/v2\/media?parent=17672"}],"curies":[{"name":"wp","href":"https:\/\/api.w.org\/{rel}","templated":true}]}}